{"id":641,"date":"2023-09-18T12:00:01","date_gmt":"2023-09-18T15:00:01","guid":{"rendered":"https:\/\/www.plantamor.com.br\/compre\/?post_type=product&#038;p=641"},"modified":"2024-02-05T11:42:44","modified_gmt":"2024-02-05T14:42:44","slug":"detox-de-primavera","status":"publish","type":"product","link":"https:\/\/www.plantamor.com.br\/compre\/produto\/detox-de-primavera\/","title":{"rendered":"Detox de Primavera"},"content":{"rendered":"<h1 style=\"text-align: center;\"><strong>DETOX DE PRIMAVERA<\/strong><\/h1>\n<p>Esse \u00e9 um tratamento completo de desintoxica\u00e7\u00e3o para a esta\u00e7\u00e3o da Primavera, a MELHOR ESTA\u00c7\u00c3O para limpar o organismo e prepar\u00e1-lo para o ver\u00e3o. Considerando a energia, os elementos naturais e o nosso corpo, essa \u00e9poca \u00e9 a melhor para realizar esse processo.<\/p>\n<p>Se voc\u00ea sofre com alergias de primavera, excesso de histamina, acne, oleosidade na pele, cansa\u00e7o excessivo no calor, queda de imunidade e sinais de estresse, \u00e9 sinal de que voc\u00ea precisa de um detox!<\/p>\n<p>O tratamento completo \u00e9 individual e inclui 20 sach\u00eas de ch\u00e1, divididos em 4 fases, sendo 1 ch\u00e1 por dia. A dura\u00e7\u00e3o total do detox \u00e9 de 20 dias.<\/p>\n<p><strong>OBS:<\/strong> cada sach\u00ea rende de 150 a 500ml de ch\u00e1<br \/>\n<strong>Hor\u00e1rio ideal para a ingest\u00e3o do ch\u00e1:<\/strong> final da tarde ou noite.<\/p>\n<p><em><strong>\u26a0\ufe0f<\/strong> <strong>A composi\u00e7\u00e3o estar\u00e1 dispon\u00edvel no material junto ao kit, n\u00e3o ser\u00e1 divulgada com anteced\u00eancia.<\/p>\n<p><\/strong><\/em><\/p>\n<p><strong>O QUE VOC\u00ca RECEBE NO KIT:<\/strong><\/p>\n<p>\u2705 20 sach\u00eas de ch\u00e1s: este tratamento \u00e9 dividido em 4 fases, sendo cada fase com 5 dias de dura\u00e7\u00e3o e um blend de ch\u00e1 espec\u00edfico para cada fase, totalizando 20 dias de tratamento completo;<br \/>\n\u2705 1 tintura medicinal para tomar no shot matinal durante os 20 dias;<br \/>\n\u2705 1 escalda p\u00e9s desintoxicante para utilizar na fase 3 do tratamento (entre os dias 11 e 15), rende 2 utiliza\u00e7\u00f5es;<br \/>\n\u2705 Material explicativo sobre o tratamento;<br \/>\n\u2705 Grupo para tirar d\u00favidas e conversar sobre o detox no Telegram.<\/p>\n","protected":false},"excerpt":{"rendered":"<p><em><strong>\u26a0\ufe0f<\/strong> <strong>A composi\u00e7\u00e3o estar\u00e1 dispon\u00edvel no material junto ao kit, n\u00e3o ser\u00e1 divulgada com anteced\u00eancia.<\/strong><\/em><\/p>\n","protected":false},"featured_media":3424,"template":"","meta":[],"product_brand":[],"product_cat":[43,15],"product_tag":[52],"class_list":{"0":"post-641","1":"product","2":"type-product","3":"status-publish","4":"has-post-thumbnail","6":"product_cat-detox","7":"product_cat-todos-os-produtos","8":"product_tag-detox-primavera","10":"first","11":"outofstock","12":"sale","13":"featured","14":"shipping-taxable","15":"purchasable","16":"product-type-simple"},"_links":{"self":[{"href":"https:\/\/www.plantamor.com.br\/compre\/wp-json\/wp\/v2\/product\/641","targetHints":{"allow":["GET"]}}],"collection":[{"href":"https:\/\/www.plantamor.com.br\/compre\/wp-json\/wp\/v2\/product"}],"about":[{"href":"https:\/\/www.plantamor.com.br\/compre\/wp-json\/wp\/v2\/types\/product"}],"version-history":[{"count":3,"href":"https:\/\/www.plantamor.com.br\/compre\/wp-json\/wp\/v2\/product\/641\/revisions"}],"predecessor-version":[{"id":3484,"href":"https:\/\/www.plantamor.com.br\/compre\/wp-json\/wp\/v2\/product\/641\/revisions\/3484"}],"wp:featuredmedia":[{"embeddable":true,"href":"https:\/\/www.plantamor.com.br\/compre\/wp-json\/wp\/v2\/media\/3424"}],"wp:attachment":[{"href":"https:\/\/www.plantamor.com.br\/compre\/wp-json\/wp\/v2\/media?parent=641"}],"wp:term":[{"taxonomy":"product_brand","embeddable":true,"href":"https:\/\/www.plantamor.com.br\/compre\/wp-json\/wp\/v2\/product_brand?post=641"},{"taxonomy":"product_cat","embeddable":true,"href":"https:\/\/www.plantamor.com.br\/compre\/wp-json\/wp\/v2\/product_cat?post=641"},{"taxonomy":"product_tag","embeddable":true,"href":"https:\/\/www.plantamor.com.br\/compre\/wp-json\/wp\/v2\/product_tag?post=641"}],"curies":[{"name":"wp","href":"https:\/\/api.w.org\/{rel}","templated":true}]}}