{"id":523,"date":"2022-04-06T15:35:09","date_gmt":"2022-04-06T18:35:09","guid":{"rendered":"https:\/\/www.plantamor.com.br\/compre\/?post_type=product&#038;p=523"},"modified":"2024-02-05T11:42:48","modified_gmt":"2024-02-05T14:42:48","slug":"detox-de-outono","status":"publish","type":"product","link":"https:\/\/www.plantamor.com.br\/compre\/produto\/detox-de-outono\/","title":{"rendered":"Detox de Outono"},"content":{"rendered":"<h1 style=\"text-align: center;\"><strong>DETOX DE OUTONO<\/strong><\/h1>\n<p>Esse \u00e9 um tratamento completo de desintoxica\u00e7\u00e3o para a esta\u00e7\u00e3o do Outono, que poder\u00e1 tamb\u00e9m ser realizada durante o Inverno, preferencialmente at\u00e9 os primeiros frios. Considerando a energia, os elementos naturais e o nosso corpo, algumas \u00e9pocas s\u00e3o melhores para realizar uma detoxifica\u00e7\u00e3o completa do organismo, e o Outono \u00e9 uma delas.<\/p>\n<p>Voc\u00ea est\u00e1 tendo a oportunidade de preparar seu organismo para receber a pr\u00f3xima esta\u00e7\u00e3o e o resultado deste Detox \u00e9 seu corpo passar por menos inflama\u00e7\u00e3o, menores chances de envelhecimento precoce, um inverno mais tranquilo, com melhora da imunidade, menos alergias e problemas respirat\u00f3rios.<\/p>\n<p>O tratamento completo inclui 20 sach\u00eas de ch\u00e1, divididos em 4 fases, sendo 1 ch\u00e1 por dia. A dura\u00e7\u00e3o total do detox \u00e9 de 20 dias.<\/p>\n<p>OBS: cada sach\u00ea rende de 150 a 500ml de ch\u00e1<\/p>\n","protected":false},"excerpt":{"rendered":"<p>Esse \u00e9 um tratamento completo de desintoxica\u00e7\u00e3o para a esta\u00e7\u00e3o do Outono, que poder\u00e1 tamb\u00e9m ser realizada durante o Inverno, preferencialmente at\u00e9 os primeiros frios. Considerando a energia, os elementos naturais e o nosso corpo, algumas \u00e9pocas s\u00e3o melhores para realizar uma detoxifica\u00e7\u00e3o completa do organismo, e o Outono \u00e9 uma delas.<\/p>\n<p>Voc\u00ea est\u00e1 tendo a oportunidade de preparar seu organismo para receber a pr\u00f3xima esta\u00e7\u00e3o e o resultado deste Detox \u00e9 seu corpo passar por menos inflama\u00e7\u00e3o, menores chances de envelhecimento precoce, um inverno mais tranquilo, com melhora da imunidade, menos alergias e problemas respirat\u00f3rios.<\/p>\n<p>O tratamento completo inclui 20 sach\u00eas de ch\u00e1, divididos em 4 fases, sendo 1 ch\u00e1 por dia. A dura\u00e7\u00e3o total do detox \u00e9 de 20 dias.<\/p>\n<p>OBS: cada sach\u00ea rende de 150 a 500ml de ch\u00e1<\/p>\n","protected":false},"featured_media":472,"template":"","meta":[],"product_brand":[],"product_cat":[43,15],"product_tag":[44],"class_list":{"0":"post-523","1":"product","2":"type-product","3":"status-publish","4":"has-post-thumbnail","6":"product_cat-detox","7":"product_cat-todos-os-produtos","8":"product_tag-detox-outono","10":"first","11":"outofstock","12":"shipping-taxable","13":"purchasable","14":"product-type-simple"},"_links":{"self":[{"href":"https:\/\/www.plantamor.com.br\/compre\/wp-json\/wp\/v2\/product\/523","targetHints":{"allow":["GET"]}}],"collection":[{"href":"https:\/\/www.plantamor.com.br\/compre\/wp-json\/wp\/v2\/product"}],"about":[{"href":"https:\/\/www.plantamor.com.br\/compre\/wp-json\/wp\/v2\/types\/product"}],"version-history":[{"count":2,"href":"https:\/\/www.plantamor.com.br\/compre\/wp-json\/wp\/v2\/product\/523\/revisions"}],"predecessor-version":[{"id":3504,"href":"https:\/\/www.plantamor.com.br\/compre\/wp-json\/wp\/v2\/product\/523\/revisions\/3504"}],"wp:featuredmedia":[{"embeddable":true,"href":"https:\/\/www.plantamor.com.br\/compre\/wp-json\/wp\/v2\/media\/472"}],"wp:attachment":[{"href":"https:\/\/www.plantamor.com.br\/compre\/wp-json\/wp\/v2\/media?parent=523"}],"wp:term":[{"taxonomy":"product_brand","embeddable":true,"href":"https:\/\/www.plantamor.com.br\/compre\/wp-json\/wp\/v2\/product_brand?post=523"},{"taxonomy":"product_cat","embeddable":true,"href":"https:\/\/www.plantamor.com.br\/compre\/wp-json\/wp\/v2\/product_cat?post=523"},{"taxonomy":"product_tag","embeddable":true,"href":"https:\/\/www.plantamor.com.br\/compre\/wp-json\/wp\/v2\/product_tag?post=523"}],"curies":[{"name":"wp","href":"https:\/\/api.w.org\/{rel}","templated":true}]}}