{"id":457,"date":"2022-03-22T18:31:25","date_gmt":"2022-03-22T21:31:25","guid":{"rendered":"https:\/\/www.plantamor.com.br\/compre\/?post_type=product&#038;p=457"},"modified":"2024-02-05T11:42:50","modified_gmt":"2024-02-05T14:42:50","slug":"kit-eu-me-amo","status":"publish","type":"product","link":"https:\/\/www.plantamor.com.br\/compre\/produto\/kit-eu-me-amo\/","title":{"rendered":"KIT EU ME AMO"},"content":{"rendered":"<h1 style=\"text-align: center;\"><strong>KIT EU ME AMO<\/strong><\/h1>\n<p>&#8211; Shot Libido<br \/>\n&#8211; Escalda p\u00e9s Sagrado Amor<br \/>\n&#8211; Blend Sagrado Amor<br \/>\n&#8211; Blend Deusa Ver\u00e3o ou Inverno<\/p>\n<p>O kit \u201cEu me amo\u201d foi selecionado especialmente para momentos quem mais merece amor: a gente mesma! Hehe.<br \/>\nEsses produtos s\u00e3o capazes de trazer sensa\u00e7\u00e3o de aconselho, de autocuidado, relaxamento e auxiliam no resgate da energia Yin, feminina.<\/p>\n<p>te ajudar a encarar as gostosas e agrad\u00e1veis segundas-feiras, rs, rs. \u00c9 um kit estimulante e que te fornece for\u00e7a para novos recome\u00e7os, com o organismo funcionando bem e com as energias protegidas \ud83d\ude42<\/p>\n<p>O Shot Libido \u00e9 estimulante, termog\u00eanico e auxilia na manuten\u00e7\u00e3o dos horm\u00f4nios sexuais, produzindo uma melhora na libido, especialmente feminina.<br \/>\n&#8211; Acrescente 1 colher de ch\u00e1 do p\u00f3 em 50ml de \u00e1gua (em temperatura ambiente). Agite bem e pode tomar!<\/p>\n<p>O escalda p\u00e9s Sagrado Amor \u00e9 um escalda p\u00e9s terap\u00eautico, atuando especialmente em n\u00edvel energ\u00e9tico, auxiliando no relaxamento e no autocuidado, resgatando a energia Yin, feminina.<br \/>\n&#8211; Adicione em um recipiente 02 litros de \u00e1gua morna e 01 colher de sopa do escalda-p\u00e9s. Permane\u00e7a com os p\u00e9s submersos na \u00e1gua por 10 a 20 minutos.<\/p>\n<p>O Blend Sagrado Amor foi desenvolvido no intuito de lembrar que merecemos carinho, um presente especial, um momento de autocuidado na loucura do dia a dia. Produz sensa\u00e7\u00e3o de bem estar e aconchego.<br \/>\n&#8211; Pode ser tomado \u00e0 noite ou durante o dia.<\/p>\n<p>Os Blends \u201cDeusa\u201d (em suas varia\u00e7\u00f5es de inverno e ver\u00e3o) s\u00e3o blends especialmente desenvolvidos para diminuir desconfortos do per\u00edodo menstrual, auxiliando tamb\u00e9m em dores no corpo, dores de cabe\u00e7a e sintomas negativos de TPM. Essa combina\u00e7\u00e3o de plantas age como anti-inflamat\u00f3rias e analg\u00e9sicas.<br \/>\n&#8211; Pode ser utilizado durante o dia ou \u00e0 noite.<\/p>\n","protected":false},"excerpt":{"rendered":"<p>KIT EU ME AMO &#8211; Shot Libido &#8211; Escalda p\u00e9s Sagrado Amor &#8211; Blend Sagrado Amor &#8211; Blend Deusa Ver\u00e3o ou Inverno O kit \u201cEu me amo\u201d foi selecionado especialmente para momentos quem mais merece amor: a gente mesma! Hehe. Esses produtos s\u00e3o capazes de trazer sensa\u00e7\u00e3o de aconselho, de autocuidado, relaxamento e auxiliam no &#8230;<\/p>\n","protected":false},"featured_media":458,"template":"","meta":[],"product_brand":[],"product_cat":[41],"product_tag":[45],"class_list":{"0":"post-457","1":"product","2":"type-product","3":"status-publish","4":"has-post-thumbnail","6":"product_cat-kits","7":"product_tag-kit-eu-me-amo","9":"first","10":"outofstock","11":"sale","12":"shipping-taxable","13":"purchasable","14":"product-type-simple"},"_links":{"self":[{"href":"https:\/\/www.plantamor.com.br\/compre\/wp-json\/wp\/v2\/product\/457","targetHints":{"allow":["GET"]}}],"collection":[{"href":"https:\/\/www.plantamor.com.br\/compre\/wp-json\/wp\/v2\/product"}],"about":[{"href":"https:\/\/www.plantamor.com.br\/compre\/wp-json\/wp\/v2\/types\/product"}],"version-history":[{"count":1,"href":"https:\/\/www.plantamor.com.br\/compre\/wp-json\/wp\/v2\/product\/457\/revisions"}],"predecessor-version":[{"id":3505,"href":"https:\/\/www.plantamor.com.br\/compre\/wp-json\/wp\/v2\/product\/457\/revisions\/3505"}],"wp:featuredmedia":[{"embeddable":true,"href":"https:\/\/www.plantamor.com.br\/compre\/wp-json\/wp\/v2\/media\/458"}],"wp:attachment":[{"href":"https:\/\/www.plantamor.com.br\/compre\/wp-json\/wp\/v2\/media?parent=457"}],"wp:term":[{"taxonomy":"product_brand","embeddable":true,"href":"https:\/\/www.plantamor.com.br\/compre\/wp-json\/wp\/v2\/product_brand?post=457"},{"taxonomy":"product_cat","embeddable":true,"href":"https:\/\/www.plantamor.com.br\/compre\/wp-json\/wp\/v2\/product_cat?post=457"},{"taxonomy":"product_tag","embeddable":true,"href":"https:\/\/www.plantamor.com.br\/compre\/wp-json\/wp\/v2\/product_tag?post=457"}],"curies":[{"name":"wp","href":"https:\/\/api.w.org\/{rel}","templated":true}]}}