{"id":455,"date":"2022-03-22T18:24:44","date_gmt":"2022-03-22T21:24:44","guid":{"rendered":"https:\/\/www.plantamor.com.br\/compre\/?post_type=product&#038;p=455"},"modified":"2024-02-05T11:42:53","modified_gmt":"2024-02-05T14:42:53","slug":"kit-segundou","status":"publish","type":"product","link":"https:\/\/www.plantamor.com.br\/compre\/produto\/kit-segundou\/","title":{"rendered":"KIT SEGUNDOU"},"content":{"rendered":"<h1 style=\"text-align: center;\"><strong>KIT SEGUNDOU<\/strong><\/h1>\n<p>&#8211; Shot Termog\u00eanico<br \/>\n&#8211; Spray Mandala da Prote\u00e7\u00e3o<br \/>\n&#8211; Blend Est\u00edmulo<\/p>\n<p>O kit \u201cSegundou\u201d foi selecionado especialmente para te ajudar a encarar as gostosas e agrad\u00e1veis segundas-feiras, rs, rs. \u00c9 um kit estimulante e que te fornece for\u00e7a para novos recome\u00e7os, com o organismo funcionando bem e com as energias protegidas \ud83d\ude42<\/p>\n<p>O Shot Termog\u00eanico pode ser utilizado na parte da manh\u00e3, em jejum. O Shot Termog\u00eanico \u00e9 um shot estimulante, capaz de ativar o metabolismo e atuar como um agente termog\u00eanico. Ideal para utilizar em pr\u00e9-treinos ou em momentos de muito cansa\u00e7o.<br \/>\n&#8211; Acrescente 1 colher de ch\u00e1 do p\u00f3 em 50ml de \u00e1gua (em temperatura ambiente). Agite bem e pode tomar!<\/p>\n<p>O Blend Est\u00edmulo \u00e9 um ch\u00e1 estimulante, eficaz contra a reten\u00e7\u00e3o de l\u00edquido, ajuda a eliminar toxinas, auxilia na queima e deposi\u00e7\u00e3o de gordura e diminui sintomas negativos do estresse.<br \/>\n&#8211; Ideal fazer uso desse ch\u00e1 durante o dia!<\/p>\n<p>O Spray terap\u00eautico Mandala da Prote\u00e7\u00e3o auxilia na prote\u00e7\u00e3o energ\u00e9tica do ambiente. Indicado para momentos em que necessita de coragem, for\u00e7a e prote\u00e7\u00e3o \u2013 ideal para novos come\u00e7os&#8230; De ciclos, de semanas, de m\u00eas ou quando voc\u00ea precisar marcar um novo recome\u00e7o!<\/p>\n","protected":false},"excerpt":{"rendered":"<p>KIT SEGUNDOU &#8211; Shot Termog\u00eanico &#8211; Spray Mandala da Prote\u00e7\u00e3o &#8211; Blend Est\u00edmulo O kit \u201cSegundou\u201d foi selecionado especialmente para te ajudar a encarar as gostosas e agrad\u00e1veis segundas-feiras, rs, rs. \u00c9 um kit estimulante e que te fornece for\u00e7a para novos recome\u00e7os, com o organismo funcionando bem e com as energias protegidas \ud83d\ude42 O &#8230;<\/p>\n","protected":false},"featured_media":456,"template":"","meta":[],"product_brand":[],"product_cat":[41],"product_tag":[46],"class_list":{"0":"post-455","1":"product","2":"type-product","3":"status-publish","4":"has-post-thumbnail","6":"product_cat-kits","7":"product_tag-kit-segundou","9":"first","10":"outofstock","11":"sale","12":"shipping-taxable","13":"purchasable","14":"product-type-simple"},"_links":{"self":[{"href":"https:\/\/www.plantamor.com.br\/compre\/wp-json\/wp\/v2\/product\/455","targetHints":{"allow":["GET"]}}],"collection":[{"href":"https:\/\/www.plantamor.com.br\/compre\/wp-json\/wp\/v2\/product"}],"about":[{"href":"https:\/\/www.plantamor.com.br\/compre\/wp-json\/wp\/v2\/types\/product"}],"version-history":[{"count":1,"href":"https:\/\/www.plantamor.com.br\/compre\/wp-json\/wp\/v2\/product\/455\/revisions"}],"predecessor-version":[{"id":3506,"href":"https:\/\/www.plantamor.com.br\/compre\/wp-json\/wp\/v2\/product\/455\/revisions\/3506"}],"wp:featuredmedia":[{"embeddable":true,"href":"https:\/\/www.plantamor.com.br\/compre\/wp-json\/wp\/v2\/media\/456"}],"wp:attachment":[{"href":"https:\/\/www.plantamor.com.br\/compre\/wp-json\/wp\/v2\/media?parent=455"}],"wp:term":[{"taxonomy":"product_brand","embeddable":true,"href":"https:\/\/www.plantamor.com.br\/compre\/wp-json\/wp\/v2\/product_brand?post=455"},{"taxonomy":"product_cat","embeddable":true,"href":"https:\/\/www.plantamor.com.br\/compre\/wp-json\/wp\/v2\/product_cat?post=455"},{"taxonomy":"product_tag","embeddable":true,"href":"https:\/\/www.plantamor.com.br\/compre\/wp-json\/wp\/v2\/product_tag?post=455"}],"curies":[{"name":"wp","href":"https:\/\/api.w.org\/{rel}","templated":true}]}}