{"id":453,"date":"2022-03-22T17:22:27","date_gmt":"2022-03-22T20:22:27","guid":{"rendered":"https:\/\/www.plantamor.com.br\/compre\/?post_type=product&#038;p=453"},"modified":"2024-02-05T11:42:56","modified_gmt":"2024-02-05T14:42:56","slug":"kit-outono","status":"publish","type":"product","link":"https:\/\/www.plantamor.com.br\/compre\/produto\/kit-outono\/","title":{"rendered":"KIT OUTONO"},"content":{"rendered":"<h1 style=\"text-align: center;\"><strong>KIT OUTONO<\/strong><\/h1>\n<p>&#8211; Blend Cores do Frio<br \/>\n&#8211; Blend Ch\u00e1 da Vov\u00f3<br \/>\n&#8211; Shot Imune<br \/>\n&#8211; Tintura Imune<br \/>\n&#8211; Tintura #X\u00f4 Resfriado<\/p>\n<p>O kit \u201cOutono\u201d foi selecionado especialmente para te ajudar a passar pelo outono\/inverno mantendo uma imunidade boa! Longe de gripes, resfriados, nariz escorrendo, aquela coisa toda&#8230;<\/p>\n<p>O Blend Cores do Frio \u00e9 um ch\u00e1 para as esta\u00e7\u00f5es de frio, auxiliando na manuten\u00e7\u00e3o da imunidade nestas \u00e9pocas. A composi\u00e7\u00e3o de plantas medicinais deste blend auxilia tamb\u00e9m na diminui\u00e7\u00e3o de sintomas de gripe e resfriados, como: dores no corpo, ins\u00f4nia, febre, entre outros. Lembra o chazinho da v\u00f3 \ud83d\ude42<br \/>\n&#8211; Pode ser tomado durante o dia ou noite.<\/p>\n<p>O Blend Ch\u00e1 da Vov\u00f3 \u00e9 aquele chazinho que lembra cuidado, amor, carinho&#8230; Indicado especialmente para \u00e9pocas de frio, ou para tomar \u00e0 noite, em um momento de autocuidado. A composi\u00e7\u00e3o desse blend possui a\u00e7\u00e3o anti-inflamat\u00f3ria, analg\u00e9sica e auxilia tamb\u00e9m em quadros de resfriados e gripes. Mas, acima de tudo, \u00e9 um ch\u00e1 com mem\u00f3ria \ud83d\ude42<br \/>\n&#8211; Pode ser tomado durante o dia ou noite.<\/p>\n<p>O Shot Imune foi desenvolvido para auxiliar na manuten\u00e7\u00e3o da imunidade. A composi\u00e7\u00e3o do shot fornece muitos fitoqu\u00edmicos e antioxidantes imunoestimulantes, podendo ser usado na preven\u00e7\u00e3o de resfriados, por exemplo.<br \/>\n&#8211; Acrescente 1 colher de ch\u00e1 do p\u00f3 em 50ml de \u00e1gua (em temperatura ambiente). Agite bem e pode tomar!<\/p>\n<p>A tintura de #Imune foi desenvolvida para auxiliar na manuten\u00e7\u00e3o da imunidade. A composi\u00e7\u00e3o selecionada fornece muitos fitoqu\u00edmicos imunoestimulantes, podendo ser usado na preven\u00e7\u00e3o de resfriados e queda de imunidade.<br \/>\n&#8211; 20 a 50 gotas ao longo do dia, quando sentir necessidade do uso, de 1 a 5 vezes ao dia. Acrescente as gotas da tintura em 50ml de \u00e1gua para ingerir.<\/p>\n<p>A tintura de #X\u00f4Resfriado possui em sua composi\u00e7\u00e3o plantas que auxiliam no tratamento de problemas respirat\u00f3rios, como gripes e resfriados. As plantas selecionadas s\u00e3o aquecedoras e imunoestimulantes, auxiliando na recupera\u00e7\u00e3o da imunidade e na diminui\u00e7\u00e3o dos efeitos negativos destes problemas.<br \/>\n&#8211; 20 a 50 gotas ao longo do dia, quando sentir necessidade do uso, de 1 a 5 vezes ao dia. Acrescente as gotas da tintura em 50ml de \u00e1gua para ingerir.<\/p>\n","protected":false},"excerpt":{"rendered":"<p>KIT OUTONO &#8211; Blend Cores do Frio &#8211; Blend Ch\u00e1 da Vov\u00f3 &#8211; Shot Imune &#8211; Tintura Imune &#8211; Tintura #X\u00f4 Resfriado O kit \u201cOutono\u201d foi selecionado especialmente para te ajudar a passar pelo outono\/inverno mantendo uma imunidade boa! Longe de gripes, resfriados, nariz escorrendo, aquela coisa toda&#8230; O Blend Cores do Frio \u00e9 um &#8230;<\/p>\n","protected":false},"featured_media":454,"template":"","meta":[],"product_brand":[],"product_cat":[41],"product_tag":[47],"class_list":{"0":"post-453","1":"product","2":"type-product","3":"status-publish","4":"has-post-thumbnail","6":"product_cat-kits","7":"product_tag-kit-outono","9":"first","10":"outofstock","11":"sale","12":"shipping-taxable","13":"purchasable","14":"product-type-simple"},"_links":{"self":[{"href":"https:\/\/www.plantamor.com.br\/compre\/wp-json\/wp\/v2\/product\/453","targetHints":{"allow":["GET"]}}],"collection":[{"href":"https:\/\/www.plantamor.com.br\/compre\/wp-json\/wp\/v2\/product"}],"about":[{"href":"https:\/\/www.plantamor.com.br\/compre\/wp-json\/wp\/v2\/types\/product"}],"version-history":[{"count":1,"href":"https:\/\/www.plantamor.com.br\/compre\/wp-json\/wp\/v2\/product\/453\/revisions"}],"predecessor-version":[{"id":3507,"href":"https:\/\/www.plantamor.com.br\/compre\/wp-json\/wp\/v2\/product\/453\/revisions\/3507"}],"wp:featuredmedia":[{"embeddable":true,"href":"https:\/\/www.plantamor.com.br\/compre\/wp-json\/wp\/v2\/media\/454"}],"wp:attachment":[{"href":"https:\/\/www.plantamor.com.br\/compre\/wp-json\/wp\/v2\/media?parent=453"}],"wp:term":[{"taxonomy":"product_brand","embeddable":true,"href":"https:\/\/www.plantamor.com.br\/compre\/wp-json\/wp\/v2\/product_brand?post=453"},{"taxonomy":"product_cat","embeddable":true,"href":"https:\/\/www.plantamor.com.br\/compre\/wp-json\/wp\/v2\/product_cat?post=453"},{"taxonomy":"product_tag","embeddable":true,"href":"https:\/\/www.plantamor.com.br\/compre\/wp-json\/wp\/v2\/product_tag?post=453"}],"curies":[{"name":"wp","href":"https:\/\/api.w.org\/{rel}","templated":true}]}}