{"id":439,"date":"2022-03-22T13:54:52","date_gmt":"2022-03-22T16:54:52","guid":{"rendered":"https:\/\/www.plantamor.com.br\/compre\/?post_type=product&#038;p=439"},"modified":"2024-02-05T11:43:01","modified_gmt":"2024-02-05T14:43:01","slug":"kit-teste","status":"publish","type":"product","link":"https:\/\/www.plantamor.com.br\/compre\/produto\/kit-teste\/","title":{"rendered":"KIT FOCO"},"content":{"rendered":"<h1 style=\"text-align: center;\"><strong>KIT FOCO<\/strong><\/h1>\n<p>&#8211; Tintura #VemDopamina<br \/>\n&#8211; Shot Termog\u00eanico<br \/>\n&#8211; Blend X\u00f4 procrastina\u00e7\u00e3o<br \/>\n&#8211; Blend X\u00f4 pregui\u00e7a<br \/>\n&#8211; Blend Ch\u00e1 da Sorte<br \/>\n&#8211; Spray Terap\u00eautico Herbal<\/p>\n<p>O kit \u201cFoco\u201d foi selecionado especialmente para pessoas que possuem uma vida agitada e precisam de uma forcinha extra. S\u00e3o produtos ideais para momentos de fadiga, cansa\u00e7o e procrastina\u00e7\u00e3o, onde voc\u00ea precisa de um est\u00edmulo mental e f\u00edsico.<br \/>\nS\u00e3o produtos para utilizar durante o dia a dia de trabalho e estudo (ou os dois juntos, hehe).<\/p>\n<p>A Tintura #VemDopamina pode ser usada durante todo o per\u00edodo do dia!<br \/>\n&#8211; 20 a 50 gotas ao longo do dia, quando sentir necessidade do uso, de 1 a 5 vezes ao dia. Ideal evitar a utiliza\u00e7\u00e3o pr\u00f3ximo \u00e0 noite, pois pode atrapalhar no sono. Acrescente as gotas da tintura em 50ml de \u00e1gua para ingerir.<\/p>\n<p>O Shot Termog\u00eanico pode ser utilizado na parte da manh\u00e3, em jejum.<br \/>\n&#8211; Acrescente 1 colher de ch\u00e1 do p\u00f3 em 50ml de \u00e1gua (em temperatura ambiente). Agite bem e pode tomar!<\/p>\n<p>O Spray Terap\u00eautico Herbal pode ser utilizado durante todo o dia.<br \/>\n&#8211; Pode ser aplicado no ambiente, nas roupas ou no pr\u00f3prio corpo, como um perfume natural.<\/p>\n<p>Os Blends X\u00f4 procrastina\u00e7\u00e3o, X\u00f4 pregui\u00e7a e Ch\u00e1 da Sorte s\u00e3o blends para tomar durante o dia, e podem ser intercalados entre si. Escolha o que mais combina com seu dia! \ud83d\ude42<\/p>\n","protected":false},"excerpt":{"rendered":"<p>KIT FOCO &#8211; Tintura #VemDopamina &#8211; Shot Termog\u00eanico &#8211; Blend X\u00f4 procrastina\u00e7\u00e3o &#8211; Blend X\u00f4 pregui\u00e7a &#8211; Blend Ch\u00e1 da Sorte &#8211; Spray Terap\u00eautico Herbal O kit \u201cFoco\u201d foi selecionado especialmente para pessoas que possuem uma vida agitada e precisam de uma forcinha extra. S\u00e3o produtos ideais para momentos de fadiga, cansa\u00e7o e procrastina\u00e7\u00e3o, onde &#8230;<\/p>\n","protected":false},"featured_media":447,"template":"","meta":[],"product_brand":[],"product_cat":[41],"product_tag":[50],"class_list":{"0":"post-439","1":"product","2":"type-product","3":"status-publish","4":"has-post-thumbnail","6":"product_cat-kits","7":"product_tag-kit-foco","9":"first","10":"outofstock","11":"sale","12":"shipping-taxable","13":"purchasable","14":"product-type-simple"},"_links":{"self":[{"href":"https:\/\/www.plantamor.com.br\/compre\/wp-json\/wp\/v2\/product\/439","targetHints":{"allow":["GET"]}}],"collection":[{"href":"https:\/\/www.plantamor.com.br\/compre\/wp-json\/wp\/v2\/product"}],"about":[{"href":"https:\/\/www.plantamor.com.br\/compre\/wp-json\/wp\/v2\/types\/product"}],"version-history":[{"count":2,"href":"https:\/\/www.plantamor.com.br\/compre\/wp-json\/wp\/v2\/product\/439\/revisions"}],"predecessor-version":[{"id":3509,"href":"https:\/\/www.plantamor.com.br\/compre\/wp-json\/wp\/v2\/product\/439\/revisions\/3509"}],"wp:featuredmedia":[{"embeddable":true,"href":"https:\/\/www.plantamor.com.br\/compre\/wp-json\/wp\/v2\/media\/447"}],"wp:attachment":[{"href":"https:\/\/www.plantamor.com.br\/compre\/wp-json\/wp\/v2\/media?parent=439"}],"wp:term":[{"taxonomy":"product_brand","embeddable":true,"href":"https:\/\/www.plantamor.com.br\/compre\/wp-json\/wp\/v2\/product_brand?post=439"},{"taxonomy":"product_cat","embeddable":true,"href":"https:\/\/www.plantamor.com.br\/compre\/wp-json\/wp\/v2\/product_cat?post=439"},{"taxonomy":"product_tag","embeddable":true,"href":"https:\/\/www.plantamor.com.br\/compre\/wp-json\/wp\/v2\/product_tag?post=439"}],"curies":[{"name":"wp","href":"https:\/\/api.w.org\/{rel}","templated":true}]}}