{"id":38,"date":"2021-12-23T14:21:07","date_gmt":"2021-12-23T17:21:07","guid":{"rendered":"http:\/\/compre.plantamor.com.br\/?p=38"},"modified":"2024-02-05T11:44:50","modified_gmt":"2024-02-05T14:44:50","slug":"pomegranate-tea-lotion","status":"publish","type":"product","link":"https:\/\/www.plantamor.com.br\/compre\/produto\/pomegranate-tea-lotion\/","title":{"rendered":"Escalda-p\u00e9s Sagrado Amor"},"content":{"rendered":"<h1 style=\"text-align: center;\"><strong>ESCALDA P\u00c9S SAGRADO AMOR<\/strong><\/h1>\n<p>O escalda p\u00e9s Sagrado Amor \u00e9 um escalda p\u00e9s terap\u00eautico, atuando especialmente em n\u00edvel energ\u00e9tico, auxiliando no relaxamento e no autocuidado, resgatando a energia Yin, feminina.<\/p>\n<p>Utilize o escalda p\u00e9s quando necessitar de relaxamento e cuidado, o mais longe poss\u00edvel de interfer\u00eancias externas e usufruindo desse momento especial, s\u00f3 seu.<\/p>\n<p><strong>Modo de uso:<\/strong> Adicione em um recipiente 02 litros de \u00e1gua morna e 01 colher de sopa do escalda-p\u00e9s. Permane\u00e7a com os p\u00e9s submersos na \u00e1gua por 10 a 20 minutos.<\/p>\n<p>O calor da \u00e1gua libera a energia dormente das plantas, tornando-as poderosas ferramentas terap\u00eauticas.<\/p>\n<p><strong>\u00a0<\/strong><strong>Composi\u00e7\u00e3o:<\/strong> sal grosso, cal\u00eandula, rosas e flor de laranjeira<\/p>\n","protected":false},"excerpt":{"rendered":"<p>O escalda p\u00e9s Sagrado Amor \u00e9 um escalda p\u00e9s terap\u00eautico, atuando especialmente em n\u00edvel energ\u00e9tico, auxiliando no relaxamento e no autocuidado, resgatando a energia Yin, feminina. Utilize o escalda p\u00e9s quando necessitar de relaxamento e cuidado, o mais longe poss\u00edvel de interfer\u00eancias externas e usufruindo desse momento especial, s\u00f3 seu.<\/p>\n","protected":false},"featured_media":208,"template":"","meta":[],"product_brand":[],"product_cat":[16],"product_tag":[],"class_list":{"0":"post-38","1":"product","2":"type-product","3":"status-publish","4":"has-post-thumbnail","6":"product_cat-skin-care","8":"first","9":"instock","10":"sale","11":"sold-individually","12":"shipping-taxable","13":"purchasable","14":"product-type-simple"},"_links":{"self":[{"href":"https:\/\/www.plantamor.com.br\/compre\/wp-json\/wp\/v2\/product\/38","targetHints":{"allow":["GET"]}}],"collection":[{"href":"https:\/\/www.plantamor.com.br\/compre\/wp-json\/wp\/v2\/product"}],"about":[{"href":"https:\/\/www.plantamor.com.br\/compre\/wp-json\/wp\/v2\/types\/product"}],"version-history":[{"count":2,"href":"https:\/\/www.plantamor.com.br\/compre\/wp-json\/wp\/v2\/product\/38\/revisions"}],"predecessor-version":[{"id":3545,"href":"https:\/\/www.plantamor.com.br\/compre\/wp-json\/wp\/v2\/product\/38\/revisions\/3545"}],"wp:featuredmedia":[{"embeddable":true,"href":"https:\/\/www.plantamor.com.br\/compre\/wp-json\/wp\/v2\/media\/208"}],"wp:attachment":[{"href":"https:\/\/www.plantamor.com.br\/compre\/wp-json\/wp\/v2\/media?parent=38"}],"wp:term":[{"taxonomy":"product_brand","embeddable":true,"href":"https:\/\/www.plantamor.com.br\/compre\/wp-json\/wp\/v2\/product_brand?post=38"},{"taxonomy":"product_cat","embeddable":true,"href":"https:\/\/www.plantamor.com.br\/compre\/wp-json\/wp\/v2\/product_cat?post=38"},{"taxonomy":"product_tag","embeddable":true,"href":"https:\/\/www.plantamor.com.br\/compre\/wp-json\/wp\/v2\/product_tag?post=38"}],"curies":[{"name":"wp","href":"https:\/\/api.w.org\/{rel}","templated":true}]}}