{"id":3417,"date":"2023-08-21T11:10:59","date_gmt":"2023-08-21T14:10:59","guid":{"rendered":"https:\/\/www.plantamor.com.br\/compre\/?post_type=product&#038;p=3417"},"modified":"2024-02-05T11:42:45","modified_gmt":"2024-02-05T14:42:45","slug":"blend-estimulo","status":"publish","type":"product","link":"https:\/\/www.plantamor.com.br\/compre\/produto\/blend-estimulo\/","title":{"rendered":"Blend Est\u00edmulo"},"content":{"rendered":"<h1><strong>BLEND EST\u00cdMULO<\/strong><\/h1>\n<p><em>Para auxiliar no emagrecimento saud\u00e1vel<\/em><\/p>\n<p><strong>Composi\u00e7\u00e3o:<\/strong><br \/>\nFolhas de oliveira (<em>Olea europaea<\/em>)**<br \/>\nCasca de laranja (<em>Citrus spp.<\/em>)*<br \/>\nNibs de cacau (<em>Theobroma cacao<\/em>)**<br \/>\nPimenta rosa (<em>Schinus terebinthifolia<\/em>)**<br \/>\nCh\u00e1 verde (<em>Camellia sinensis<\/em>)**<\/p>\n<p><em>*Produ\u00e7\u00e3o agroecol\u00f3gica pr\u00f3pria<\/em><br \/>\n<em>**Adquirido de produtor locais, agroecol\u00f3gicos e\/ou org\u00e2nicos<\/em><\/p>\n<p>O Blend Est\u00edmulo foi criado para auxiliar no processo de emagrecimento saud\u00e1vel, sendo uma maneira eficaz de aproveitar os benef\u00edcios das plantas medicinais para estimular o organismo, levar uma vida mais saud\u00e1vel, e, consequentemente, emagrecer com qualidade.<\/p>\n<p><strong>A composi\u00e7\u00e3o deste blend segue uma estrat\u00e9gia de 5 pilares:<\/strong><\/p>\n<p>1. Estimulante (ativa o metabolismo e atua como termog\u00eanico);<br \/>\n2. Eficaz contra a reten\u00e7\u00e3o de l\u00edquidos;<br \/>\n3. Diminui inflama\u00e7\u00f5es intestinais e auxilia na elimina\u00e7\u00e3o de toxinas que impedem o emagrecimento;<br \/>\n4. Auxilia na queima e evita a deposi\u00e7\u00e3o de gordura;<br \/>\n5. Diminui sintomas negativos do estresse, aumentando horm\u00f4nios importantes para o bem estar, como dopamina e serotonina.<\/p>\n<p><strong>Deve ser ingerido durante o dia e aliado a exerc\u00edcios f\u00edsicos e alimenta\u00e7\u00e3o saud\u00e1vel.<\/strong><\/p>\n<p><strong>ATEN\u00c7\u00c3O:<\/strong> apenas o ch\u00e1, sem as demais estrat\u00e9gias, n\u00e3o produzir\u00e1 o efeito pretendido.<\/p>\n<p><strong>SENSORIAL:<\/strong> blend arom\u00e1tico, com efeito estimulante, cor amarelo escuro, corpo denso e aroma intenso de c\u00edtrico e cacau. Sabor levemente c\u00edtrico e herbal profundo.<\/p>\n<p><em>Cont\u00e9m 15 sach\u00eas.<\/em><\/p>\n","protected":false},"excerpt":{"rendered":"<p>BLEND EST\u00cdMULO Para auxiliar no emagrecimento saud\u00e1vel Composi\u00e7\u00e3o: Folhas de oliveira (Olea europaea)** Casca de laranja (Citrus spp.)* Nibs de cacau (Theobroma cacao)** Pimenta rosa (Schinus terebinthifolia)** Ch\u00e1 verde (Camellia sinensis)** *Produ\u00e7\u00e3o agroecol\u00f3gica pr\u00f3pria **Adquirido de produtor locais, agroecol\u00f3gicos e\/ou org\u00e2nicos O Blend Est\u00edmulo foi criado para auxiliar no processo de emagrecimento saud\u00e1vel, sendo uma &#8230;<\/p>\n","protected":false},"featured_media":3419,"template":"","meta":[],"product_brand":[],"product_cat":[17],"product_tag":[],"class_list":{"0":"post-3417","1":"product","2":"type-product","3":"status-publish","4":"has-post-thumbnail","6":"product_cat-chas","8":"first","9":"outofstock","10":"sale","11":"shipping-taxable","12":"purchasable","13":"product-type-simple"},"_links":{"self":[{"href":"https:\/\/www.plantamor.com.br\/compre\/wp-json\/wp\/v2\/product\/3417","targetHints":{"allow":["GET"]}}],"collection":[{"href":"https:\/\/www.plantamor.com.br\/compre\/wp-json\/wp\/v2\/product"}],"about":[{"href":"https:\/\/www.plantamor.com.br\/compre\/wp-json\/wp\/v2\/types\/product"}],"version-history":[{"count":3,"href":"https:\/\/www.plantamor.com.br\/compre\/wp-json\/wp\/v2\/product\/3417\/revisions"}],"predecessor-version":[{"id":3557,"href":"https:\/\/www.plantamor.com.br\/compre\/wp-json\/wp\/v2\/product\/3417\/revisions\/3557"}],"wp:featuredmedia":[{"embeddable":true,"href":"https:\/\/www.plantamor.com.br\/compre\/wp-json\/wp\/v2\/media\/3419"}],"wp:attachment":[{"href":"https:\/\/www.plantamor.com.br\/compre\/wp-json\/wp\/v2\/media?parent=3417"}],"wp:term":[{"taxonomy":"product_brand","embeddable":true,"href":"https:\/\/www.plantamor.com.br\/compre\/wp-json\/wp\/v2\/product_brand?post=3417"},{"taxonomy":"product_cat","embeddable":true,"href":"https:\/\/www.plantamor.com.br\/compre\/wp-json\/wp\/v2\/product_cat?post=3417"},{"taxonomy":"product_tag","embeddable":true,"href":"https:\/\/www.plantamor.com.br\/compre\/wp-json\/wp\/v2\/product_tag?post=3417"}],"curies":[{"name":"wp","href":"https:\/\/api.w.org\/{rel}","templated":true}]}}