{"id":299,"date":"2022-03-03T16:49:09","date_gmt":"2022-03-03T19:49:09","guid":{"rendered":"http:\/\/compre.plantamor.com.br\/?post_type=product&#038;p=299"},"modified":"2024-02-05T11:37:04","modified_gmt":"2024-02-05T14:37:04","slug":"blend-cha-estimulo-em-saches","status":"publish","type":"product","link":"https:\/\/www.plantamor.com.br\/compre\/produto\/blend-cha-estimulo-em-saches\/","title":{"rendered":"Blend &#8211; Ch\u00e1 est\u00edmulo"},"content":{"rendered":"<h1 style=\"text-align: center;\"><strong>BLEND EST\u00cdMULO<\/strong><\/h1>\n<p style=\"text-align: center;\"><em>Para auxiliar no emagrecimento saud\u00e1vel<\/em><\/p>\n<p><strong>Composi\u00e7\u00e3o:<\/strong><br \/>\nFolhas de oliveira (<em>Olea europaea<\/em>)**<br \/>\nCasca de laranja (<em>Citrus spp.<\/em>)*<br \/>\nNibs de cacau (<em>Theobroma cacao<\/em>)**<br \/>\nPimenta rosa (<em>Schinus terebinthifolia<\/em>)**<br \/>\nCh\u00e1 verde (<em>Camellia sinensis<\/em>)**<\/p>\n<p><em>*Produ\u00e7\u00e3o agroecol\u00f3gica pr\u00f3pria<\/em><br \/>\n<em>**Adquirido de produtor locais, agroecol\u00f3gicos e\/ou org\u00e2nicos<\/em><\/p>\n<p>O Blend Est\u00edmulo foi criado para auxiliar no processo de emagrecimento saud\u00e1vel, sendo uma maneira eficaz de aproveitar os benef\u00edcios das plantas medicinais para estimular o organismo, levar uma vida mais saud\u00e1vel, e, consequentemente, emagrecer com qualidade.<\/p>\n<p><strong>A composi\u00e7\u00e3o deste blend segue uma estrat\u00e9gia de 5 pilares:<\/strong><\/p>\n<p>1. Estimulante (ativa o metabolismo e atua como termog\u00eanico);<br \/>\n2. Eficaz contra a reten\u00e7\u00e3o de l\u00edquidos;<br \/>\n3. Diminui inflama\u00e7\u00f5es intestinais e auxilia na elimina\u00e7\u00e3o de toxinas que impedem o emagrecimento;<br \/>\n4. Auxilia na queima e evita a deposi\u00e7\u00e3o de gordura;<br \/>\n5. Diminui sintomas negativos do estresse, aumentando horm\u00f4nios importantes para o bem estar, como dopamina e serotonina.<\/p>\n<p style=\"text-align: center;\"><strong>Deve ser ingerido durante o dia e aliado a exerc\u00edcios f\u00edsicos e alimenta\u00e7\u00e3o saud\u00e1vel.<\/strong><\/p>\n<p><strong>ATEN\u00c7\u00c3O:<\/strong> apenas o ch\u00e1, sem as demais estrat\u00e9gias, n\u00e3o produzir\u00e1 o efeito pretendido.<\/p>\n<p><strong>SENSORIAL:<\/strong> blend arom\u00e1tico, com efeito estimulante, cor amarelo escuro, corpo denso e aroma intenso de c\u00edtrico e cacau. Sabor levemente c\u00edtrico e herbal profundo.<\/p>\n","protected":false},"excerpt":{"rendered":"<p style=\"text-align: left;\">O Blend Est\u00edmulo foi criado para auxiliar no processo de emagrecimento saud\u00e1vel, sendo uma maneira eficaz de aproveitar os benef\u00edcios das plantas medicinais para estimular o organismo, levar uma vida mais saud\u00e1vel, e, consequentemente, emagrecer com qualidade.<\/p>\n","protected":false},"featured_media":300,"template":"","meta":[],"product_brand":[],"product_cat":[17],"product_tag":[],"class_list":{"0":"post-299","1":"product","2":"type-product","3":"status-publish","4":"has-post-thumbnail","6":"product_cat-chas","8":"first","9":"instock","10":"shipping-taxable","11":"purchasable","12":"product-type-variable"},"_links":{"self":[{"href":"https:\/\/www.plantamor.com.br\/compre\/wp-json\/wp\/v2\/product\/299","targetHints":{"allow":["GET"]}}],"collection":[{"href":"https:\/\/www.plantamor.com.br\/compre\/wp-json\/wp\/v2\/product"}],"about":[{"href":"https:\/\/www.plantamor.com.br\/compre\/wp-json\/wp\/v2\/types\/product"}],"version-history":[{"count":3,"href":"https:\/\/www.plantamor.com.br\/compre\/wp-json\/wp\/v2\/product\/299\/revisions"}],"predecessor-version":[{"id":3422,"href":"https:\/\/www.plantamor.com.br\/compre\/wp-json\/wp\/v2\/product\/299\/revisions\/3422"}],"wp:featuredmedia":[{"embeddable":true,"href":"https:\/\/www.plantamor.com.br\/compre\/wp-json\/wp\/v2\/media\/300"}],"wp:attachment":[{"href":"https:\/\/www.plantamor.com.br\/compre\/wp-json\/wp\/v2\/media?parent=299"}],"wp:term":[{"taxonomy":"product_brand","embeddable":true,"href":"https:\/\/www.plantamor.com.br\/compre\/wp-json\/wp\/v2\/product_brand?post=299"},{"taxonomy":"product_cat","embeddable":true,"href":"https:\/\/www.plantamor.com.br\/compre\/wp-json\/wp\/v2\/product_cat?post=299"},{"taxonomy":"product_tag","embeddable":true,"href":"https:\/\/www.plantamor.com.br\/compre\/wp-json\/wp\/v2\/product_tag?post=299"}],"curies":[{"name":"wp","href":"https:\/\/api.w.org\/{rel}","templated":true}]}}