{"id":199,"date":"2022-02-28T18:34:09","date_gmt":"2022-02-28T21:34:09","guid":{"rendered":"http:\/\/compre.plantamor.com.br\/?post_type=product&#038;p=199"},"modified":"2024-02-05T11:43:29","modified_gmt":"2024-02-05T14:43:29","slug":"blend-cha-xo-procrastinacao","status":"publish","type":"product","link":"https:\/\/www.plantamor.com.br\/compre\/produto\/blend-cha-xo-procrastinacao\/","title":{"rendered":"Blend &#8211; Ch\u00e1 x\u00f4 procrastina\u00e7\u00e3o"},"content":{"rendered":"<h1 style=\"text-align: center;\">BLEND X\u00d4 PROCRASTINA\u00c7\u00c3O<\/h1>\n<p style=\"text-align: center;\"><em>O ch\u00e1 que te d\u00e1 aquele empurr\u00e3ozinho para voc\u00ea agir!<\/em><\/p>\n<p><strong>Composi\u00e7\u00e3o:<br \/>\n<\/strong><br \/>\nCh\u00e1 verde <em>(Camellia sinensis)**<\/em><br \/>\n<em>Ginkgo biloba**<\/em><br \/>\nGinseng brasileiro <em>(Pfaffia glomerata)*<\/em><\/p>\n<p>&nbsp;<\/p>\n<p>*Produ\u00e7\u00e3o agroecol\u00f3gica pr\u00f3pria<br \/>\n**Adquirido de produtor locais, agroecol\u00f3gicos e\/ou org\u00e2nicos<\/p>\n<p>&nbsp;<\/p>\n<p>O Blend #X\u00f4 Procrastina\u00e7\u00e3o \u00e9 ideal para momentos de fadiga, cansa\u00e7o e procrastina\u00e7\u00e3o, onde voc\u00ea precisa de um est\u00edmulo mental \u2013 e uma forcinha extra. Essa combina\u00e7\u00e3o de plantas auxilia no foco, na concentra\u00e7\u00e3o e na mem\u00f3ria, al\u00e9m de possu\u00edrem a\u00e7\u00e3o estimulante mental, aumentando os n\u00edveis da dopamina, o horm\u00f4nio da realiza\u00e7\u00e3o e produtividade.<\/p>\n<p>&nbsp;<\/p>\n<p><strong>SENSORIAL:<\/strong> blend de cor amarelo esverdeado, de aroma herbal e sabor herbal levemente amargo e toque levemente adstringente.<\/p>\n","protected":false},"excerpt":{"rendered":"<p>O Blend #X\u00f4 Procrastina\u00e7\u00e3o \u00e9 ideal para momentos de fadiga, cansa\u00e7o e procrastina\u00e7\u00e3o, onde voc\u00ea precisa de um est\u00edmulo mental \u2013 e uma forcinha extra. Essa combina\u00e7\u00e3o de plantas auxilia no foco, na concentra\u00e7\u00e3o e na mem\u00f3ria, al\u00e9m de possu\u00edrem a\u00e7\u00e3o estimulante mental, aumentando os n\u00edveis da dopamina, o horm\u00f4nio da realiza\u00e7\u00e3o e produtividade.<\/p>\n","protected":false},"featured_media":215,"template":"","meta":[],"product_brand":[],"product_cat":[17],"product_tag":[],"class_list":{"0":"post-199","1":"product","2":"type-product","3":"status-publish","4":"has-post-thumbnail","6":"product_cat-chas","8":"first","9":"instock","10":"sale","11":"shipping-taxable","12":"purchasable","13":"product-type-simple"},"_links":{"self":[{"href":"https:\/\/www.plantamor.com.br\/compre\/wp-json\/wp\/v2\/product\/199","targetHints":{"allow":["GET"]}}],"collection":[{"href":"https:\/\/www.plantamor.com.br\/compre\/wp-json\/wp\/v2\/product"}],"about":[{"href":"https:\/\/www.plantamor.com.br\/compre\/wp-json\/wp\/v2\/types\/product"}],"version-history":[{"count":1,"href":"https:\/\/www.plantamor.com.br\/compre\/wp-json\/wp\/v2\/product\/199\/revisions"}],"predecessor-version":[{"id":3516,"href":"https:\/\/www.plantamor.com.br\/compre\/wp-json\/wp\/v2\/product\/199\/revisions\/3516"}],"wp:featuredmedia":[{"embeddable":true,"href":"https:\/\/www.plantamor.com.br\/compre\/wp-json\/wp\/v2\/media\/215"}],"wp:attachment":[{"href":"https:\/\/www.plantamor.com.br\/compre\/wp-json\/wp\/v2\/media?parent=199"}],"wp:term":[{"taxonomy":"product_brand","embeddable":true,"href":"https:\/\/www.plantamor.com.br\/compre\/wp-json\/wp\/v2\/product_brand?post=199"},{"taxonomy":"product_cat","embeddable":true,"href":"https:\/\/www.plantamor.com.br\/compre\/wp-json\/wp\/v2\/product_cat?post=199"},{"taxonomy":"product_tag","embeddable":true,"href":"https:\/\/www.plantamor.com.br\/compre\/wp-json\/wp\/v2\/product_tag?post=199"}],"curies":[{"name":"wp","href":"https:\/\/api.w.org\/{rel}","templated":true}]}}