{"id":197,"date":"2022-02-28T18:32:27","date_gmt":"2022-02-28T21:32:27","guid":{"rendered":"http:\/\/compre.plantamor.com.br\/?post_type=product&#038;p=197"},"modified":"2024-02-05T11:43:33","modified_gmt":"2024-02-05T14:43:33","slug":"blend-cha-vigor","status":"publish","type":"product","link":"https:\/\/www.plantamor.com.br\/compre\/produto\/blend-cha-vigor\/","title":{"rendered":"Blend &#8211; Ch\u00e1 vigor"},"content":{"rendered":"<h1 style=\"text-align: center;\">BLEND VIGOR<\/h1>\n<p style=\"text-align: center;\"><em>Se a digest\u00e3o n\u00e3o t\u00e1 legal, o dia tamb\u00e9m n\u00e3o fica dos melhores!<\/em><\/p>\n<p><strong>Composi\u00e7\u00e3o:<br \/>\n<\/strong><br \/>\nFolha de laranjeira (Citrus sinensis)*<br \/>\nManjeric\u00e3o (Ocimumbasilicum)*<br \/>\nFolha de goiabeira (Psidiumguajava)*<\/p>\n<p>&nbsp;<\/p>\n<p>*Produ\u00e7\u00e3o agroecol\u00f3gica pr\u00f3pria<br \/>\n**Adquirido de produtor locais, agroecol\u00f3gicos e\/ou org\u00e2nicos<\/p>\n<p>O Blend Vigor \u00e9 um ch\u00e1 estimulante e digestivo. Sua composi\u00e7\u00e3o possui energia intensa e harmonizadora, sendo um blend ideal para momentos de trabalho muito parado, falta de \u00e2nimo, organismo lento e, consequentemente, m\u00e1 digest\u00e3o.<\/p>\n<p><strong>SENSORIAL:<\/strong> blend de cor amarelo intenso, aroma herbal adocicado e c\u00edtrico, sabor herbal denso com fundo c\u00edtrico. Sensa\u00e7\u00e3o adstringente leve.<\/p>\n","protected":false},"excerpt":{"rendered":"<p>O Blend Vigor \u00e9 um ch\u00e1 estimulante e digestivo. Sua composi\u00e7\u00e3o possui energia intensa e harmonizadora, sendo um blend ideal para momentos de trabalho muito parado, falta de \u00e2nimo, organismo lento e, consequentemente, m\u00e1 digest\u00e3o.<\/p>\n","protected":false},"featured_media":213,"template":"","meta":[],"product_brand":[],"product_cat":[17],"product_tag":[],"class_list":{"0":"post-197","1":"product","2":"type-product","3":"status-publish","4":"has-post-thumbnail","6":"product_cat-chas","8":"first","9":"instock","10":"sale","11":"shipping-taxable","12":"purchasable","13":"product-type-simple"},"_links":{"self":[{"href":"https:\/\/www.plantamor.com.br\/compre\/wp-json\/wp\/v2\/product\/197","targetHints":{"allow":["GET"]}}],"collection":[{"href":"https:\/\/www.plantamor.com.br\/compre\/wp-json\/wp\/v2\/product"}],"about":[{"href":"https:\/\/www.plantamor.com.br\/compre\/wp-json\/wp\/v2\/types\/product"}],"version-history":[{"count":1,"href":"https:\/\/www.plantamor.com.br\/compre\/wp-json\/wp\/v2\/product\/197\/revisions"}],"predecessor-version":[{"id":3518,"href":"https:\/\/www.plantamor.com.br\/compre\/wp-json\/wp\/v2\/product\/197\/revisions\/3518"}],"wp:featuredmedia":[{"embeddable":true,"href":"https:\/\/www.plantamor.com.br\/compre\/wp-json\/wp\/v2\/media\/213"}],"wp:attachment":[{"href":"https:\/\/www.plantamor.com.br\/compre\/wp-json\/wp\/v2\/media?parent=197"}],"wp:term":[{"taxonomy":"product_brand","embeddable":true,"href":"https:\/\/www.plantamor.com.br\/compre\/wp-json\/wp\/v2\/product_brand?post=197"},{"taxonomy":"product_cat","embeddable":true,"href":"https:\/\/www.plantamor.com.br\/compre\/wp-json\/wp\/v2\/product_cat?post=197"},{"taxonomy":"product_tag","embeddable":true,"href":"https:\/\/www.plantamor.com.br\/compre\/wp-json\/wp\/v2\/product_tag?post=197"}],"curies":[{"name":"wp","href":"https:\/\/api.w.org\/{rel}","templated":true}]}}