{"id":196,"date":"2022-02-28T18:31:55","date_gmt":"2022-02-28T21:31:55","guid":{"rendered":"http:\/\/compre.plantamor.com.br\/?post_type=product&#038;p=196"},"modified":"2024-02-05T11:43:36","modified_gmt":"2024-02-05T14:43:36","slug":"blend-cha-sagrado-feminino","status":"publish","type":"product","link":"https:\/\/www.plantamor.com.br\/compre\/produto\/blend-cha-sagrado-feminino\/","title":{"rendered":"Blend &#8211; Ch\u00e1 sagrado feminino"},"content":{"rendered":"<h1 style=\"text-align: center;\">BLEND SAGRADO FEMININO<\/h1>\n<p style=\"text-align: center;\"><em>Um ch\u00e1 todo especial para pessoas t\u00e3o especiais&#8230; Foi clich\u00ea? Ops.<\/em><\/p>\n<p><strong>Composi\u00e7\u00e3o:<br \/>\n<\/strong><br \/>\nCasca de lim\u00e3o<em> (Citrus limon)*<\/em><br \/>\nS\u00e1lvia <em>(Salvia officinalis)*<\/em><br \/>\nHortel\u00e3<em> (Mentha spicata)*<\/em><br \/>\nFlor de cip\u00f3 de s\u00e3o jo\u00e3o <em>(Pyrostegia venusta)*<\/em><\/p>\n<p>&nbsp;<\/p>\n<p>*Produ\u00e7\u00e3o agroecol\u00f3gica pr\u00f3pria<br \/>\n**Adquirido de produtor locais, agroecol\u00f3gicos e\/ou org\u00e2nicos<\/p>\n<p>&nbsp;<\/p>\n<p>O Blend Sagrado Feminino foi especialmente formulado para a sa\u00fade da mulher. A composi\u00e7\u00e3o de plantas tem a finalidade de equilibrar horm\u00f4nios como estrog\u00eanio e progesterona, al\u00e9m de auxiliar na sa\u00fade do \u00fatero, melhorando inclusive, a circula\u00e7\u00e3o sangu\u00ednea. Ideal para tomar em todas as fases do ciclo, menos no per\u00edodo menstrual.<\/p>\n<p>&nbsp;<\/p>\n<p><strong>SENSORIAL:<\/strong> blend com sensorial leve, cor amarelo suave, aroma herbal fresco e c\u00edtrico, sabor com predomin\u00e2ncia c\u00edtrica do lim\u00e3o e fundo herbal refrescante.<\/p>\n","protected":false},"excerpt":{"rendered":"<p>O Blend Sagrado Feminino foi especialmente formulado para a sa\u00fade da mulher. A composi\u00e7\u00e3o de plantas tem a finalidade de equilibrar horm\u00f4nios como estrog\u00eanio e progesterona, al\u00e9m de auxiliar na sa\u00fade do \u00fatero, melhorando inclusive, a circula\u00e7\u00e3o sangu\u00ednea. Ideal para tomar em todas as fases do ciclo, menos no per\u00edodo menstrual.<\/p>\n","protected":false},"featured_media":218,"template":"","meta":[],"product_brand":[],"product_cat":[17],"product_tag":[],"class_list":{"0":"post-196","1":"product","2":"type-product","3":"status-publish","4":"has-post-thumbnail","6":"product_cat-chas","8":"first","9":"instock","10":"sale","11":"shipping-taxable","12":"purchasable","13":"product-type-simple"},"_links":{"self":[{"href":"https:\/\/www.plantamor.com.br\/compre\/wp-json\/wp\/v2\/product\/196","targetHints":{"allow":["GET"]}}],"collection":[{"href":"https:\/\/www.plantamor.com.br\/compre\/wp-json\/wp\/v2\/product"}],"about":[{"href":"https:\/\/www.plantamor.com.br\/compre\/wp-json\/wp\/v2\/types\/product"}],"version-history":[{"count":1,"href":"https:\/\/www.plantamor.com.br\/compre\/wp-json\/wp\/v2\/product\/196\/revisions"}],"predecessor-version":[{"id":3519,"href":"https:\/\/www.plantamor.com.br\/compre\/wp-json\/wp\/v2\/product\/196\/revisions\/3519"}],"wp:featuredmedia":[{"embeddable":true,"href":"https:\/\/www.plantamor.com.br\/compre\/wp-json\/wp\/v2\/media\/218"}],"wp:attachment":[{"href":"https:\/\/www.plantamor.com.br\/compre\/wp-json\/wp\/v2\/media?parent=196"}],"wp:term":[{"taxonomy":"product_brand","embeddable":true,"href":"https:\/\/www.plantamor.com.br\/compre\/wp-json\/wp\/v2\/product_brand?post=196"},{"taxonomy":"product_cat","embeddable":true,"href":"https:\/\/www.plantamor.com.br\/compre\/wp-json\/wp\/v2\/product_cat?post=196"},{"taxonomy":"product_tag","embeddable":true,"href":"https:\/\/www.plantamor.com.br\/compre\/wp-json\/wp\/v2\/product_tag?post=196"}],"curies":[{"name":"wp","href":"https:\/\/api.w.org\/{rel}","templated":true}]}}