{"id":195,"date":"2022-02-28T18:30:46","date_gmt":"2022-02-28T21:30:46","guid":{"rendered":"http:\/\/compre.plantamor.com.br\/?post_type=product&#038;p=195"},"modified":"2024-02-05T11:43:41","modified_gmt":"2024-02-05T14:43:41","slug":"blend-cha-sagrado-amor","status":"publish","type":"product","link":"https:\/\/www.plantamor.com.br\/compre\/produto\/blend-cha-sagrado-amor\/","title":{"rendered":"Blend &#8211; Ch\u00e1 sagrado amor"},"content":{"rendered":"<h1 style=\"text-align: center;\">BLEND SAGRADO AMOR<\/h1>\n<p style=\"text-align: center;\"><em>Aquele ch\u00e1 que inspira e faz a gente lembrar de pessoas importantes<\/em><\/p>\n<p><strong>Composi\u00e7\u00e3o:<br \/>\n<\/strong><br \/>\nFuncho <em>(Foeniculumvulgare)*<\/em><br \/>\nHibisco <em>(Hibiscus sabdariffa)*<\/em><br \/>\nFolha de pitanga<em> (Eugenia uniflora)*<\/em><br \/>\nTanchagem <em>(Plantago major)*<\/em><\/p>\n<p>*Produ\u00e7\u00e3o agroecol\u00f3gica pr\u00f3pria<br \/>\n**Adquirido de produtor locais, agroecol\u00f3gicos e\/ou org\u00e2nicos<\/p>\n<p>O Blend Sagrado Amor foi desenvolvido para o Dia das M\u00e3es, no intuito de lembrar as m\u00e3es que elas tamb\u00e9m merecem carinho, um presente especial, um momento de autocuidado na loucura do dia a dia.<\/p>\n<p>A composi\u00e7\u00e3o deste ch\u00e1 possui efeito anti-inflamat\u00f3rio, antioxidante, al\u00e9m de auxiliar na manuten\u00e7\u00e3o dos horm\u00f4nios femininos, como o estrog\u00eanio. Produzindo assim, sensa\u00e7\u00e3o de bem estar e aconchego.<\/p>\n<p><strong>SENSORIAL:<\/strong> blend com sensorial c\u00edtrico, cor vermelha, aroma refrescante e sabor com toques c\u00edtricos, herbais e arom\u00e1ticos.<\/p>\n","protected":false},"excerpt":{"rendered":"<p>O Blend Sagrado Amor foi desenvolvido para o Dia das M\u00e3es, no intuito de lembrar as m\u00e3es que elas tamb\u00e9m merecem carinho, um presente especial, um momento de autocuidado na loucura do dia a dia.<\/p>\n","protected":false},"featured_media":219,"template":"","meta":[],"product_brand":[],"product_cat":[17],"product_tag":[],"class_list":{"0":"post-195","1":"product","2":"type-product","3":"status-publish","4":"has-post-thumbnail","6":"product_cat-chas","8":"first","9":"outofstock","10":"sale","11":"shipping-taxable","12":"purchasable","13":"product-type-simple"},"_links":{"self":[{"href":"https:\/\/www.plantamor.com.br\/compre\/wp-json\/wp\/v2\/product\/195","targetHints":{"allow":["GET"]}}],"collection":[{"href":"https:\/\/www.plantamor.com.br\/compre\/wp-json\/wp\/v2\/product"}],"about":[{"href":"https:\/\/www.plantamor.com.br\/compre\/wp-json\/wp\/v2\/types\/product"}],"version-history":[{"count":2,"href":"https:\/\/www.plantamor.com.br\/compre\/wp-json\/wp\/v2\/product\/195\/revisions"}],"predecessor-version":[{"id":3520,"href":"https:\/\/www.plantamor.com.br\/compre\/wp-json\/wp\/v2\/product\/195\/revisions\/3520"}],"wp:featuredmedia":[{"embeddable":true,"href":"https:\/\/www.plantamor.com.br\/compre\/wp-json\/wp\/v2\/media\/219"}],"wp:attachment":[{"href":"https:\/\/www.plantamor.com.br\/compre\/wp-json\/wp\/v2\/media?parent=195"}],"wp:term":[{"taxonomy":"product_brand","embeddable":true,"href":"https:\/\/www.plantamor.com.br\/compre\/wp-json\/wp\/v2\/product_brand?post=195"},{"taxonomy":"product_cat","embeddable":true,"href":"https:\/\/www.plantamor.com.br\/compre\/wp-json\/wp\/v2\/product_cat?post=195"},{"taxonomy":"product_tag","embeddable":true,"href":"https:\/\/www.plantamor.com.br\/compre\/wp-json\/wp\/v2\/product_tag?post=195"}],"curies":[{"name":"wp","href":"https:\/\/api.w.org\/{rel}","templated":true}]}}