{"id":194,"date":"2022-02-28T18:25:00","date_gmt":"2022-02-28T21:25:00","guid":{"rendered":"http:\/\/compre.plantamor.com.br\/?post_type=product&#038;p=194"},"modified":"2024-02-05T11:43:45","modified_gmt":"2024-02-05T14:43:45","slug":"blend-cha-rotina","status":"publish","type":"product","link":"https:\/\/www.plantamor.com.br\/compre\/produto\/blend-cha-rotina\/","title":{"rendered":"Blend &#8211; Ch\u00e1 rotina"},"content":{"rendered":"<h1 style=\"text-align: center;\">BLEND ROTINA<\/h1>\n<p style=\"text-align: center;\"><em>O ch\u00e1 ideal para quem vive uma rotina agitada<\/em><\/p>\n<p><strong>Composi\u00e7\u00e3o:<\/strong><\/p>\n<p>Folhas de abacate <em>(Perseaamericana)*<\/em><br \/>\nPimenta rosa <em>(Schinusterebintofolia)**<\/em><br \/>\nAlecrim <em>(Salviarosmarinus)*<\/em><br \/>\nFolha de oliveira <em>(Oleaeuropaea)**<\/em><\/p>\n<p>*Produ\u00e7\u00e3o agroecol\u00f3gica pr\u00f3pria<br \/>\n**Adquirido de produtor locais, agroecol\u00f3gicos e\/ou org\u00e2nicos<\/p>\n<p>O Blend Rotina \u00e9 ideal para quem vive uma vida agitada e estressada, especialmente em ambientes urbanos. A composi\u00e7\u00e3o possui efeito diur\u00e9tico, digestivo (se voc\u00ea \u00e9 aquela pessoa que n\u00e3o se alimenta direitinho), al\u00e9m de ser levemente estimulante, auxiliando na execu\u00e7\u00e3o das tarefas do dia a dia e afastando sintomas negativos do estresse.<\/p>\n<p>&nbsp;<\/p>\n<p><strong>SENSORIAL:<\/strong> blend arom\u00e1tico, de cor amarelo levemente vermelho, aroma herbal arom\u00e1tico e sabor herbal intenso, com fundo expansivo.<\/p>\n","protected":false},"excerpt":{"rendered":"<p>O Blend Rotina \u00e9 ideal para quem vive uma vida agitada e estressada, especialmente em ambientes urbanos. A composi\u00e7\u00e3o possui efeito diur\u00e9tico, digestivo (se voc\u00ea \u00e9 aquela pessoa que n\u00e3o se alimenta direitinho), al\u00e9m de ser levemente estimulante, auxiliando na execu\u00e7\u00e3o das tarefas do dia a dia e afastando sintomas negativos do estresse.<\/p>\n","protected":false},"featured_media":220,"template":"","meta":[],"product_brand":[],"product_cat":[17],"product_tag":[],"class_list":{"0":"post-194","1":"product","2":"type-product","3":"status-publish","4":"has-post-thumbnail","6":"product_cat-chas","8":"first","9":"instock","10":"sale","11":"shipping-taxable","12":"purchasable","13":"product-type-simple"},"_links":{"self":[{"href":"https:\/\/www.plantamor.com.br\/compre\/wp-json\/wp\/v2\/product\/194","targetHints":{"allow":["GET"]}}],"collection":[{"href":"https:\/\/www.plantamor.com.br\/compre\/wp-json\/wp\/v2\/product"}],"about":[{"href":"https:\/\/www.plantamor.com.br\/compre\/wp-json\/wp\/v2\/types\/product"}],"version-history":[{"count":2,"href":"https:\/\/www.plantamor.com.br\/compre\/wp-json\/wp\/v2\/product\/194\/revisions"}],"predecessor-version":[{"id":3521,"href":"https:\/\/www.plantamor.com.br\/compre\/wp-json\/wp\/v2\/product\/194\/revisions\/3521"}],"wp:featuredmedia":[{"embeddable":true,"href":"https:\/\/www.plantamor.com.br\/compre\/wp-json\/wp\/v2\/media\/220"}],"wp:attachment":[{"href":"https:\/\/www.plantamor.com.br\/compre\/wp-json\/wp\/v2\/media?parent=194"}],"wp:term":[{"taxonomy":"product_brand","embeddable":true,"href":"https:\/\/www.plantamor.com.br\/compre\/wp-json\/wp\/v2\/product_brand?post=194"},{"taxonomy":"product_cat","embeddable":true,"href":"https:\/\/www.plantamor.com.br\/compre\/wp-json\/wp\/v2\/product_cat?post=194"},{"taxonomy":"product_tag","embeddable":true,"href":"https:\/\/www.plantamor.com.br\/compre\/wp-json\/wp\/v2\/product_tag?post=194"}],"curies":[{"name":"wp","href":"https:\/\/api.w.org\/{rel}","templated":true}]}}