{"id":193,"date":"2022-02-28T18:24:06","date_gmt":"2022-02-28T21:24:06","guid":{"rendered":"http:\/\/compre.plantamor.com.br\/?post_type=product&#038;p=193"},"modified":"2024-02-05T11:43:49","modified_gmt":"2024-02-05T14:43:49","slug":"blend-cha-deusa-verao","status":"publish","type":"product","link":"https:\/\/www.plantamor.com.br\/compre\/produto\/blend-cha-deusa-verao\/","title":{"rendered":"Blend &#8211; Ch\u00e1 deusa ver\u00e3o"},"content":{"rendered":"<h1 style=\"text-align: center;\">BLEND DEUSA VER\u00c3O<\/h1>\n<p style=\"text-align: center;\"><em>A deusa n\u00e3o pode sofrer com c\u00f3lica menstrual, n\u00e3o \u00e9 mesmo?<\/em><\/p>\n<p><strong>Composi\u00e7\u00e3o:<\/strong><br \/>\nCamomila <em>(Matricaria chamomilla)**<\/em><br \/>\nTanchagem <em>(Plantago major)*<\/em><br \/>\nErva baleeira <em>(Cordia verbenacea)*<\/em><br \/>\nMelissa <em>(Melissa officinalis)*<\/em><\/p>\n<p>&nbsp;<\/p>\n<p>*Produ\u00e7\u00e3o agroecol\u00f3gica pr\u00f3pria<br \/>\n**Adquirido de produtor locais, agroecol\u00f3gicos e\/ou org\u00e2nicos<\/p>\n<p>&nbsp;<\/p>\n<p>Os Blends\u201cDeusa\u201d (em suas varia\u00e7\u00f5es de inverno e ver\u00e3o) s\u00e3o blends especialmente desenvolvidos para diminuir desconfortos do per\u00edodo menstrual, auxiliando tamb\u00e9m em dores no corpo, dores de cabe\u00e7a e sintomas negativos de TPM. Essa combina\u00e7\u00e3o de plantas age como anti-inflamat\u00f3rias e analg\u00e9sicas.<\/p>\n<p>&nbsp;<\/p>\n<p><strong>SENSORIAL:<\/strong> blend de cor amarelo esverdeado, com aroma herbal adocicado suave e fresco e sabor levemente doce, com fundo herbal leve e fresco.<\/p>\n","protected":false},"excerpt":{"rendered":"<p>BLEND DEUSA VER\u00c3O A deusa n\u00e3o pode sofrer com c\u00f3lica menstrual, n\u00e3o \u00e9 mesmo? Composi\u00e7\u00e3o: Camomila (Matricaria chamomilla)** Tanchagem (Plantago major)* Erva baleeira (Cordia verbenacea)* Melissa (Melissa officinalis)* &nbsp; *Produ\u00e7\u00e3o agroecol\u00f3gica pr\u00f3pria **Adquirido de produtor locais, agroecol\u00f3gicos e\/ou org\u00e2nicos &nbsp; Os Blends\u201cDeusa\u201d (em suas varia\u00e7\u00f5es de inverno e ver\u00e3o) s\u00e3o blends especialmente desenvolvidos para diminuir &#8230;<\/p>\n","protected":false},"featured_media":221,"template":"","meta":[],"product_brand":[],"product_cat":[17],"product_tag":[],"class_list":{"0":"post-193","1":"product","2":"type-product","3":"status-publish","4":"has-post-thumbnail","6":"product_cat-chas","8":"first","9":"instock","10":"sale","11":"shipping-taxable","12":"purchasable","13":"product-type-simple"},"_links":{"self":[{"href":"https:\/\/www.plantamor.com.br\/compre\/wp-json\/wp\/v2\/product\/193","targetHints":{"allow":["GET"]}}],"collection":[{"href":"https:\/\/www.plantamor.com.br\/compre\/wp-json\/wp\/v2\/product"}],"about":[{"href":"https:\/\/www.plantamor.com.br\/compre\/wp-json\/wp\/v2\/types\/product"}],"version-history":[{"count":1,"href":"https:\/\/www.plantamor.com.br\/compre\/wp-json\/wp\/v2\/product\/193\/revisions"}],"predecessor-version":[{"id":3522,"href":"https:\/\/www.plantamor.com.br\/compre\/wp-json\/wp\/v2\/product\/193\/revisions\/3522"}],"wp:featuredmedia":[{"embeddable":true,"href":"https:\/\/www.plantamor.com.br\/compre\/wp-json\/wp\/v2\/media\/221"}],"wp:attachment":[{"href":"https:\/\/www.plantamor.com.br\/compre\/wp-json\/wp\/v2\/media?parent=193"}],"wp:term":[{"taxonomy":"product_brand","embeddable":true,"href":"https:\/\/www.plantamor.com.br\/compre\/wp-json\/wp\/v2\/product_brand?post=193"},{"taxonomy":"product_cat","embeddable":true,"href":"https:\/\/www.plantamor.com.br\/compre\/wp-json\/wp\/v2\/product_cat?post=193"},{"taxonomy":"product_tag","embeddable":true,"href":"https:\/\/www.plantamor.com.br\/compre\/wp-json\/wp\/v2\/product_tag?post=193"}],"curies":[{"name":"wp","href":"https:\/\/api.w.org\/{rel}","templated":true}]}}