{"id":191,"date":"2022-02-28T18:23:10","date_gmt":"2022-02-28T21:23:10","guid":{"rendered":"http:\/\/compre.plantamor.com.br\/?post_type=product&#038;p=191"},"modified":"2024-02-05T11:43:53","modified_gmt":"2024-02-05T14:43:53","slug":"blend-cha-cores-do-frio","status":"publish","type":"product","link":"https:\/\/www.plantamor.com.br\/compre\/produto\/blend-cha-cores-do-frio\/","title":{"rendered":"Blend &#8211; Ch\u00e1 cores do frio"},"content":{"rendered":"<h1 style=\"text-align: center;\">BLEND CORES DO FRIO<\/h1>\n<p style=\"text-align: center;\"><em>ATCHIM! Sa\u00fade! Esse \u00e9 o ch\u00e1 que te ajuda a passar pelo inverno mantendo uma imunidade digna!<\/em><\/p>\n<p><strong>Composi\u00e7\u00e3o:<\/strong><br \/>\nFolha de laranjeira<em> (Citrus sinensis)*<\/em><br \/>\nFolha de ameixa amarela <em>(Eriobotryajaponica)*<\/em><br \/>\nEst\u00e9via <em>(Stevia rebaudiana)**<\/em><br \/>\nFolhas de bergamota <em>(Citrus spp)*<\/em><\/p>\n<p>&nbsp;<\/p>\n<p>*Produ\u00e7\u00e3o agroecol\u00f3gica pr\u00f3pria<br \/>\n**Adquirido de produtor locais, agroecol\u00f3gicos e\/ou org\u00e2nicos<\/p>\n<p>&nbsp;<\/p>\n<p>O Blend Cores do Frio \u00e9 um blend desenvolvido para as esta\u00e7\u00f5es de frio, auxiliando na manuten\u00e7\u00e3o da imunidade nestas \u00e9pocas. A composi\u00e7\u00e3o de plantas medicinais deste blend auxilia tamb\u00e9m na diminui\u00e7\u00e3o de sintomas de gripe e resfriados, como: dores no corpo, ins\u00f4nia, febre, entre outros. Lembra o chazinho da v\u00f3 \ud83d\ude42<\/p>\n<p>&nbsp;<\/p>\n<p><strong>SENSORIAL:<\/strong> blend leve, de cor amarelo suave, aroma adocicado e c\u00edtrico, sabor doce e com toques sutis de c\u00edtrico ao fundo.<\/p>\n","protected":false},"excerpt":{"rendered":"<p>O Blend Cores do Frio \u00e9 um blend desenvolvido para as esta\u00e7\u00f5es de frio, auxiliando na manuten\u00e7\u00e3o da imunidade nestas \u00e9pocas. A composi\u00e7\u00e3o de plantas medicinais deste blend auxilia tamb\u00e9m na diminui\u00e7\u00e3o de sintomas de gripe e resfriados, como: dores no corpo, ins\u00f4nia, febre, entre outros. Lembra o chazinho da v\u00f3 \ud83d\ude42<\/p>\n","protected":false},"featured_media":224,"template":"","meta":[],"product_brand":[],"product_cat":[17],"product_tag":[],"class_list":{"0":"post-191","1":"product","2":"type-product","3":"status-publish","4":"has-post-thumbnail","6":"product_cat-chas","8":"first","9":"outofstock","10":"sale","11":"shipping-taxable","12":"purchasable","13":"product-type-simple"},"_links":{"self":[{"href":"https:\/\/www.plantamor.com.br\/compre\/wp-json\/wp\/v2\/product\/191","targetHints":{"allow":["GET"]}}],"collection":[{"href":"https:\/\/www.plantamor.com.br\/compre\/wp-json\/wp\/v2\/product"}],"about":[{"href":"https:\/\/www.plantamor.com.br\/compre\/wp-json\/wp\/v2\/types\/product"}],"version-history":[{"count":1,"href":"https:\/\/www.plantamor.com.br\/compre\/wp-json\/wp\/v2\/product\/191\/revisions"}],"predecessor-version":[{"id":3524,"href":"https:\/\/www.plantamor.com.br\/compre\/wp-json\/wp\/v2\/product\/191\/revisions\/3524"}],"wp:featuredmedia":[{"embeddable":true,"href":"https:\/\/www.plantamor.com.br\/compre\/wp-json\/wp\/v2\/media\/224"}],"wp:attachment":[{"href":"https:\/\/www.plantamor.com.br\/compre\/wp-json\/wp\/v2\/media?parent=191"}],"wp:term":[{"taxonomy":"product_brand","embeddable":true,"href":"https:\/\/www.plantamor.com.br\/compre\/wp-json\/wp\/v2\/product_brand?post=191"},{"taxonomy":"product_cat","embeddable":true,"href":"https:\/\/www.plantamor.com.br\/compre\/wp-json\/wp\/v2\/product_cat?post=191"},{"taxonomy":"product_tag","embeddable":true,"href":"https:\/\/www.plantamor.com.br\/compre\/wp-json\/wp\/v2\/product_tag?post=191"}],"curies":[{"name":"wp","href":"https:\/\/api.w.org\/{rel}","templated":true}]}}