{"id":190,"date":"2022-02-28T18:22:42","date_gmt":"2022-02-28T21:22:42","guid":{"rendered":"http:\/\/compre.plantamor.com.br\/?post_type=product&#038;p=190"},"modified":"2024-02-05T11:43:56","modified_gmt":"2024-02-05T14:43:56","slug":"blend-chimarrao","status":"publish","type":"product","link":"https:\/\/www.plantamor.com.br\/compre\/produto\/blend-chimarrao\/","title":{"rendered":"Blend &#8211; Chimarr\u00e3o"},"content":{"rendered":"<h1 style=\"text-align: center;\">BLEND PARA CHIMARR\u00c3O<\/h1>\n<p style=\"text-align: center;\"><em>Um chimarr\u00e3o novinho, um chazinho fresquinho&#8230; N\u00e3o tem coisa melhor!<\/em><\/p>\n<p><strong>Composi\u00e7\u00e3o:<\/strong><br \/>\nCamomila (Matricariachamomilla)*<br \/>\nErva doce (Pimpinellaanisum)**<br \/>\nEndro (Anethumgraveolens)**<br \/>\nCasca de laranja (Citrus sinensis)*<br \/>\nAlecrim (Salviarosmarinus)*<br \/>\nCapim lim\u00e3o (Cymbopogoncitratus)*<br \/>\nFolha de laranjeira (Citrus sinensis)*<br \/>\nErva luisa (Aloysiatriphylla)*<br \/>\nCanela (Cinnamomumverum)**<\/p>\n<p>*Produ\u00e7\u00e3o agroecol\u00f3gica pr\u00f3pria<br \/>\n**Adquirido de produtor locais, agroecol\u00f3gicos e\/ou org\u00e2nicos<\/p>\n<p>O Blend de Chimarr\u00e3o \u00e9 um blend formulado especialmente para acrescentar na cuia do chimarr\u00e3o. Possui em sua composi\u00e7\u00e3o uma grande variedade de plantas medicinais, que se unem ao sabor da erva mate, criando uma experi\u00eancia ainda melhor para esse momento.<\/p>\n","protected":false},"excerpt":{"rendered":"<p>O Blend de Chimarr\u00e3o \u00e9 um blend formulado especialmente para acrescentar na cuia do chimarr\u00e3o. Possui em sua composi\u00e7\u00e3o uma grande variedade de plantas medicinais, que se unem ao sabor da erva mate, criando uma experi\u00eancia ainda melhor para esse momento.<\/p>\n","protected":false},"featured_media":225,"template":"","meta":[],"product_brand":[],"product_cat":[17],"product_tag":[],"class_list":{"0":"post-190","1":"product","2":"type-product","3":"status-publish","4":"has-post-thumbnail","6":"product_cat-chas","8":"first","9":"instock","10":"sale","11":"shipping-taxable","12":"purchasable","13":"product-type-simple"},"_links":{"self":[{"href":"https:\/\/www.plantamor.com.br\/compre\/wp-json\/wp\/v2\/product\/190","targetHints":{"allow":["GET"]}}],"collection":[{"href":"https:\/\/www.plantamor.com.br\/compre\/wp-json\/wp\/v2\/product"}],"about":[{"href":"https:\/\/www.plantamor.com.br\/compre\/wp-json\/wp\/v2\/types\/product"}],"version-history":[{"count":1,"href":"https:\/\/www.plantamor.com.br\/compre\/wp-json\/wp\/v2\/product\/190\/revisions"}],"predecessor-version":[{"id":3525,"href":"https:\/\/www.plantamor.com.br\/compre\/wp-json\/wp\/v2\/product\/190\/revisions\/3525"}],"wp:featuredmedia":[{"embeddable":true,"href":"https:\/\/www.plantamor.com.br\/compre\/wp-json\/wp\/v2\/media\/225"}],"wp:attachment":[{"href":"https:\/\/www.plantamor.com.br\/compre\/wp-json\/wp\/v2\/media?parent=190"}],"wp:term":[{"taxonomy":"product_brand","embeddable":true,"href":"https:\/\/www.plantamor.com.br\/compre\/wp-json\/wp\/v2\/product_brand?post=190"},{"taxonomy":"product_cat","embeddable":true,"href":"https:\/\/www.plantamor.com.br\/compre\/wp-json\/wp\/v2\/product_cat?post=190"},{"taxonomy":"product_tag","embeddable":true,"href":"https:\/\/www.plantamor.com.br\/compre\/wp-json\/wp\/v2\/product_tag?post=190"}],"curies":[{"name":"wp","href":"https:\/\/api.w.org\/{rel}","templated":true}]}}