{"id":189,"date":"2022-02-28T18:22:05","date_gmt":"2022-02-28T21:22:05","guid":{"rendered":"http:\/\/compre.plantamor.com.br\/?post_type=product&#038;p=189"},"modified":"2024-02-05T11:43:58","modified_gmt":"2024-02-05T14:43:58","slug":"blend-cha-da-vovo","status":"publish","type":"product","link":"https:\/\/www.plantamor.com.br\/compre\/produto\/blend-cha-da-vovo\/","title":{"rendered":"Blend &#8211; Ch\u00e1 da vov\u00f3"},"content":{"rendered":"<h1 style=\"text-align: center;\">BLEND CH\u00c1 DA VOV\u00d3<\/h1>\n<p style=\"text-align: center;\"><em>Aquele blend que abra\u00e7a!<\/em><\/p>\n<p><strong>Composi\u00e7\u00e3o:<\/strong><br \/>\nAbacaxi <em>(Ananascomosus)**<\/em><br \/>\nFolha de laranjeira <em>(Citrus sinensis)*<\/em><br \/>\nCal\u00eandula <em>(Calendula officinalis)*<\/em><br \/>\nTanchagem <em>(Plantago major)*<\/em><br \/>\nCapim lim\u00e3o <em>(Cymbopogon citratus)**<\/em><br \/>\nGengibre <em>(Zingiber officinale)**<\/em><\/p>\n<p>&nbsp;<\/p>\n<p>*Produ\u00e7\u00e3o agroecol\u00f3gica pr\u00f3pria<\/p>\n<p>**Adquirido de produtor locais, agroecol\u00f3gicos e\/ou org\u00e2nicos<\/p>\n<p>&nbsp;<\/p>\n<p>O Blend Ch\u00e1 da Vov\u00f3 \u00e9 aquele chazinho que lembra cuidado, amor, carinho&#8230; Indicado especialmente para \u00e9pocas como outono e inverno, ou para tomar \u00e0 noite, em um momento de autocuidado. A composi\u00e7\u00e3o desse blend possui a\u00e7\u00e3o anti-inflamat\u00f3ria, analg\u00e9sica e auxilia tamb\u00e9m em quadros de resfriados e gripes. Mas, acima de tudo, \u00e9 um ch\u00e1 com mem\u00f3ria \ud83d\ude42<\/p>\n<p>&nbsp;<\/p>\n<p><strong>SENSORIAL:<\/strong> blend intenso na medida certa, de cor amarelo suave, aroma doce, fresco e levemente c\u00edtrico, com sabor c\u00edtrico e doce.<\/p>\n","protected":false},"excerpt":{"rendered":"<p>O Blend Ch\u00e1 da Vov\u00f3 \u00e9 aquele chazinho que lembra cuidado, amor, carinho&#8230; Indicado especialmente para \u00e9pocas como outono e inverno, ou para tomar \u00e0 noite, em um momento de autocuidado. A composi\u00e7\u00e3o desse blend possui a\u00e7\u00e3o anti-inflamat\u00f3ria, analg\u00e9sica e auxilia tamb\u00e9m em quadros de resfriados e gripes. Mas, acima de tudo, \u00e9 um ch\u00e1 com mem\u00f3ria \ud83d\ude42<\/p>\n","protected":false},"featured_media":226,"template":"","meta":[],"product_brand":[],"product_cat":[17],"product_tag":[],"class_list":{"0":"post-189","1":"product","2":"type-product","3":"status-publish","4":"has-post-thumbnail","6":"product_cat-chas","8":"first","9":"outofstock","10":"sale","11":"shipping-taxable","12":"purchasable","13":"product-type-simple"},"_links":{"self":[{"href":"https:\/\/www.plantamor.com.br\/compre\/wp-json\/wp\/v2\/product\/189","targetHints":{"allow":["GET"]}}],"collection":[{"href":"https:\/\/www.plantamor.com.br\/compre\/wp-json\/wp\/v2\/product"}],"about":[{"href":"https:\/\/www.plantamor.com.br\/compre\/wp-json\/wp\/v2\/types\/product"}],"version-history":[{"count":1,"href":"https:\/\/www.plantamor.com.br\/compre\/wp-json\/wp\/v2\/product\/189\/revisions"}],"predecessor-version":[{"id":3526,"href":"https:\/\/www.plantamor.com.br\/compre\/wp-json\/wp\/v2\/product\/189\/revisions\/3526"}],"wp:featuredmedia":[{"embeddable":true,"href":"https:\/\/www.plantamor.com.br\/compre\/wp-json\/wp\/v2\/media\/226"}],"wp:attachment":[{"href":"https:\/\/www.plantamor.com.br\/compre\/wp-json\/wp\/v2\/media?parent=189"}],"wp:term":[{"taxonomy":"product_brand","embeddable":true,"href":"https:\/\/www.plantamor.com.br\/compre\/wp-json\/wp\/v2\/product_brand?post=189"},{"taxonomy":"product_cat","embeddable":true,"href":"https:\/\/www.plantamor.com.br\/compre\/wp-json\/wp\/v2\/product_cat?post=189"},{"taxonomy":"product_tag","embeddable":true,"href":"https:\/\/www.plantamor.com.br\/compre\/wp-json\/wp\/v2\/product_tag?post=189"}],"curies":[{"name":"wp","href":"https:\/\/api.w.org\/{rel}","templated":true}]}}