{"id":188,"date":"2022-02-28T18:17:21","date_gmt":"2022-02-28T21:17:21","guid":{"rendered":"http:\/\/compre.plantamor.com.br\/?post_type=product&#038;p=188"},"modified":"2024-02-05T11:44:01","modified_gmt":"2024-02-05T14:44:01","slug":"blend-cha-calma","status":"publish","type":"product","link":"https:\/\/www.plantamor.com.br\/compre\/produto\/blend-cha-calma\/","title":{"rendered":"Blend &#8211; Ch\u00e1 Calma"},"content":{"rendered":"<h1 style=\"text-align: center;\">BLEND CALMA<\/h1>\n<p style=\"text-align: center;\"><em>O ch\u00e1 que te diz: \u201ctudo bem parar um pouco\u201d<\/em><\/p>\n<p><strong>Composi\u00e7\u00e3o:<br \/>\n<\/strong><br \/>\nFolha de laranjeira (Citrus sinensis)*<br \/>\nFolha de maracuj\u00e1 (Passiflora edulis)*<br \/>\nFolha de laranja lima (Citrus limettioides)*<\/p>\n<p>&nbsp;<\/p>\n<p>*Produ\u00e7\u00e3o agroecol\u00f3gica pr\u00f3pria<br \/>\n**Adquirido de produtor locais, agroecol\u00f3gicos e\/ou org\u00e2nicos<\/p>\n<p>O Blend Calma \u00e9 ideal para momentos em que se precisa de relaxamento e calmaria. Auxilia em casos de ins\u00f4nia, ajudando no relaxamento do f\u00edsico, mas tamb\u00e9m da mente, fazendo que o sono dure por mais tempo.<\/p>\n<p><strong>SENSORIAL:<\/strong> blend leve, de cor amarelo suave, aroma herbal sutil e sabor discreto e l\u00edmpido.<\/p>\n","protected":false},"excerpt":{"rendered":"<p>O Blend Calma \u00e9 ideal para momentos em que se precisa de relaxamento e calmaria. Auxilia em casos de ins\u00f4nia, ajudando no relaxamento do f\u00edsico, mas tamb\u00e9m da mente, fazendo que o sono dure por mais tempo.<\/p>\n","protected":false},"featured_media":227,"template":"","meta":[],"product_brand":[],"product_cat":[17],"product_tag":[],"class_list":{"0":"post-188","1":"product","2":"type-product","3":"status-publish","4":"has-post-thumbnail","6":"product_cat-chas","8":"first","9":"outofstock","10":"sale","11":"shipping-taxable","12":"purchasable","13":"product-type-simple"},"_links":{"self":[{"href":"https:\/\/www.plantamor.com.br\/compre\/wp-json\/wp\/v2\/product\/188","targetHints":{"allow":["GET"]}}],"collection":[{"href":"https:\/\/www.plantamor.com.br\/compre\/wp-json\/wp\/v2\/product"}],"about":[{"href":"https:\/\/www.plantamor.com.br\/compre\/wp-json\/wp\/v2\/types\/product"}],"version-history":[{"count":1,"href":"https:\/\/www.plantamor.com.br\/compre\/wp-json\/wp\/v2\/product\/188\/revisions"}],"predecessor-version":[{"id":3527,"href":"https:\/\/www.plantamor.com.br\/compre\/wp-json\/wp\/v2\/product\/188\/revisions\/3527"}],"wp:featuredmedia":[{"embeddable":true,"href":"https:\/\/www.plantamor.com.br\/compre\/wp-json\/wp\/v2\/media\/227"}],"wp:attachment":[{"href":"https:\/\/www.plantamor.com.br\/compre\/wp-json\/wp\/v2\/media?parent=188"}],"wp:term":[{"taxonomy":"product_brand","embeddable":true,"href":"https:\/\/www.plantamor.com.br\/compre\/wp-json\/wp\/v2\/product_brand?post=188"},{"taxonomy":"product_cat","embeddable":true,"href":"https:\/\/www.plantamor.com.br\/compre\/wp-json\/wp\/v2\/product_cat?post=188"},{"taxonomy":"product_tag","embeddable":true,"href":"https:\/\/www.plantamor.com.br\/compre\/wp-json\/wp\/v2\/product_tag?post=188"}],"curies":[{"name":"wp","href":"https:\/\/api.w.org\/{rel}","templated":true}]}}