{"id":187,"date":"2022-02-28T18:16:53","date_gmt":"2022-02-28T21:16:53","guid":{"rendered":"http:\/\/compre.plantamor.com.br\/?post_type=product&#038;p=187"},"modified":"2024-02-05T11:44:03","modified_gmt":"2024-02-05T14:44:03","slug":"blend-cha-aconchego","status":"publish","type":"product","link":"https:\/\/www.plantamor.com.br\/compre\/produto\/blend-cha-aconchego\/","title":{"rendered":"Blend &#8211; Ch\u00e1 Aconchego"},"content":{"rendered":"<h1 style=\"text-align: center;\">BLEND ACONCHEGO<\/h1>\n<p style=\"text-align: center;\"><em>Um ch\u00e1 especial para tomar debaixo das cobertas, assistindo um filme, comendo uma pipoca&#8230;<\/em><\/p>\n<p><strong>Composi\u00e7\u00e3o:<br \/>\n<\/strong><br \/>\nMa\u00e7\u00e3 (Malusdomestica)**<br \/>\nCasca de laranja (Citrus sinensis)*<br \/>\nCanela (Cinnamomumverum)**<\/p>\n<p>&nbsp;<\/p>\n<p>*Produ\u00e7\u00e3o agroecol\u00f3gica pr\u00f3pria<br \/>\n**Adquirido de produtor locais, agroecol\u00f3gicos e\/ou org\u00e2nicos<\/p>\n<p>&nbsp;<\/p>\n<p>O Blend Aconchego \u00e9 ch\u00e1 ideal para tomar em momentos de autocuidado, em dias de pregui\u00e7a, de chuva ou de frio. Possui energia e inten\u00e7\u00e3o de cura e aconchego, para elevar a energia do corpo e trazer sensa\u00e7\u00e3o de bem estar.<\/p>\n<p><strong><br \/>\nSENSORIAL:<\/strong> blend de cor amarelo escuro, aroma c\u00edtrico e de especiarias e sabor intenso, c\u00edtrico, doce e picante.<\/p>\n<p><strong>Sugest\u00e3o:<\/strong> <em>para uma melhor experi\u00eancia, pode ser ado\u00e7ado com mel ou a\u00e7\u00facar demerara<\/em><\/p>\n","protected":false},"excerpt":{"rendered":"<p>O Blend Aconchego \u00e9 ch\u00e1 ideal para tomar em momentos de autocuidado, em dias de pregui\u00e7a, de chuva ou de frio. Possui energia e inten\u00e7\u00e3o de cura e aconchego, para elevar a energia do corpo e trazer sensa\u00e7\u00e3o de bem estar.<\/p>\n","protected":false},"featured_media":229,"template":"","meta":[],"product_brand":[],"product_cat":[17],"product_tag":[],"class_list":{"0":"post-187","1":"product","2":"type-product","3":"status-publish","4":"has-post-thumbnail","6":"product_cat-chas","8":"first","9":"outofstock","10":"sale","11":"shipping-taxable","12":"purchasable","13":"product-type-simple"},"_links":{"self":[{"href":"https:\/\/www.plantamor.com.br\/compre\/wp-json\/wp\/v2\/product\/187","targetHints":{"allow":["GET"]}}],"collection":[{"href":"https:\/\/www.plantamor.com.br\/compre\/wp-json\/wp\/v2\/product"}],"about":[{"href":"https:\/\/www.plantamor.com.br\/compre\/wp-json\/wp\/v2\/types\/product"}],"version-history":[{"count":2,"href":"https:\/\/www.plantamor.com.br\/compre\/wp-json\/wp\/v2\/product\/187\/revisions"}],"predecessor-version":[{"id":3528,"href":"https:\/\/www.plantamor.com.br\/compre\/wp-json\/wp\/v2\/product\/187\/revisions\/3528"}],"wp:featuredmedia":[{"embeddable":true,"href":"https:\/\/www.plantamor.com.br\/compre\/wp-json\/wp\/v2\/media\/229"}],"wp:attachment":[{"href":"https:\/\/www.plantamor.com.br\/compre\/wp-json\/wp\/v2\/media?parent=187"}],"wp:term":[{"taxonomy":"product_brand","embeddable":true,"href":"https:\/\/www.plantamor.com.br\/compre\/wp-json\/wp\/v2\/product_brand?post=187"},{"taxonomy":"product_cat","embeddable":true,"href":"https:\/\/www.plantamor.com.br\/compre\/wp-json\/wp\/v2\/product_cat?post=187"},{"taxonomy":"product_tag","embeddable":true,"href":"https:\/\/www.plantamor.com.br\/compre\/wp-json\/wp\/v2\/product_tag?post=187"}],"curies":[{"name":"wp","href":"https:\/\/api.w.org\/{rel}","templated":true}]}}