{"id":186,"date":"2022-02-28T18:16:21","date_gmt":"2022-02-28T21:16:21","guid":{"rendered":"http:\/\/compre.plantamor.com.br\/?post_type=product&#038;p=186"},"modified":"2024-02-05T11:44:06","modified_gmt":"2024-02-05T14:44:06","slug":"blend-cha-detox","status":"publish","type":"product","link":"https:\/\/www.plantamor.com.br\/compre\/produto\/blend-cha-detox\/","title":{"rendered":"Blend &#8211; Ch\u00e1 Detox"},"content":{"rendered":"<h1 style=\"text-align: center;\">BLEND DETOX<\/h1>\n<p style=\"text-align: center;\"><em>Para ajudar a eliminar tudo que n\u00e3o presta!<\/em><\/p>\n<p><strong>Composi\u00e7\u00e3o:<\/strong><br \/>\nHibisco (Hibiscus sabdariffa)*<br \/>\nCavalinha (Equisetum)**<br \/>\nDente de le\u00e3o (Taraxacumofficinale)**<br \/>\nCarqueja (Baccharistrimera)**<br \/>\nAlcachofra (Cynarascolymus)**<br \/>\nErva luisa (Aloysiatriphylla)*<\/p>\n<p>*Produ\u00e7\u00e3o agroecol\u00f3gica pr\u00f3pria<br \/>\n**Adquirido de produtor locais, agroecol\u00f3gicos e\/ou org\u00e2nicos<\/p>\n<p>&nbsp;<\/p>\n<p>O Blend Detox \u00e9 um coringa para desintoxicar o organismo, em qualquer momento e em qualquer \u00e9poca do ano. Pode ser usado como um tratamento (por pelo menos 5 dias seguidos), ou pode ser usado em momentos \u00fanicos, espor\u00e1dicos. A composi\u00e7\u00e3o deste blend \u00e9 estimulante do f\u00edgado, diur\u00e9tica e digestiva, facilitando assim, o processo de desintoxica\u00e7\u00e3o do organismo.<\/p>\n<p>&nbsp;<\/p>\n<p><strong>SENSORIAL:<\/strong> blend de cor amarelo escuro, aroma herbal amargo e sabor herbal refrescante com fundo amargo.<\/p>\n","protected":false},"excerpt":{"rendered":"<p>O Blend Detox \u00e9 um coringa para desintoxicar o organismo, em qualquer momento e em qualquer \u00e9poca do ano. Pode ser usado como um tratamento (por pelo menos 5 dias seguidos), ou pode ser usado em momentos \u00fanicos, espor\u00e1dicos. A composi\u00e7\u00e3o deste blend \u00e9 estimulante do f\u00edgado, diur\u00e9tica e digestiva, facilitando assim, o processo de desintoxica\u00e7\u00e3o do organismo.<\/p>\n","protected":false},"featured_media":230,"template":"","meta":[],"product_brand":[],"product_cat":[17],"product_tag":[],"class_list":{"0":"post-186","1":"product","2":"type-product","3":"status-publish","4":"has-post-thumbnail","6":"product_cat-chas","8":"first","9":"outofstock","10":"sale","11":"shipping-taxable","12":"purchasable","13":"product-type-simple"},"_links":{"self":[{"href":"https:\/\/www.plantamor.com.br\/compre\/wp-json\/wp\/v2\/product\/186","targetHints":{"allow":["GET"]}}],"collection":[{"href":"https:\/\/www.plantamor.com.br\/compre\/wp-json\/wp\/v2\/product"}],"about":[{"href":"https:\/\/www.plantamor.com.br\/compre\/wp-json\/wp\/v2\/types\/product"}],"version-history":[{"count":1,"href":"https:\/\/www.plantamor.com.br\/compre\/wp-json\/wp\/v2\/product\/186\/revisions"}],"predecessor-version":[{"id":3529,"href":"https:\/\/www.plantamor.com.br\/compre\/wp-json\/wp\/v2\/product\/186\/revisions\/3529"}],"wp:featuredmedia":[{"embeddable":true,"href":"https:\/\/www.plantamor.com.br\/compre\/wp-json\/wp\/v2\/media\/230"}],"wp:attachment":[{"href":"https:\/\/www.plantamor.com.br\/compre\/wp-json\/wp\/v2\/media?parent=186"}],"wp:term":[{"taxonomy":"product_brand","embeddable":true,"href":"https:\/\/www.plantamor.com.br\/compre\/wp-json\/wp\/v2\/product_brand?post=186"},{"taxonomy":"product_cat","embeddable":true,"href":"https:\/\/www.plantamor.com.br\/compre\/wp-json\/wp\/v2\/product_cat?post=186"},{"taxonomy":"product_tag","embeddable":true,"href":"https:\/\/www.plantamor.com.br\/compre\/wp-json\/wp\/v2\/product_tag?post=186"}],"curies":[{"name":"wp","href":"https:\/\/api.w.org\/{rel}","templated":true}]}}