{"id":184,"date":"2022-02-28T18:00:47","date_gmt":"2022-02-28T21:00:47","guid":{"rendered":"http:\/\/compre.plantamor.com.br\/?post_type=product&#038;p=184"},"modified":"2024-02-05T11:44:11","modified_gmt":"2024-02-05T14:44:11","slug":"shot-termogenico","status":"publish","type":"product","link":"https:\/\/www.plantamor.com.br\/compre\/produto\/shot-termogenico\/","title":{"rendered":"Shot Termog\u00eanico"},"content":{"rendered":"<h1 style=\"text-align: center;\"><strong>SHOT TERMOG\u00caNICO<\/strong><\/h1>\n<p><strong>Composi\u00e7\u00e3o:<\/strong><br \/>\nCacau alcalino<br \/>\nCatuaba em p\u00f3<br \/>\nLevedo de cerveja<br \/>\nGuaran\u00e1 em p\u00f3<br \/>\nGengibre em p\u00f3<\/p>\n<p>O Shot Termog\u00eanico foi desenvolvido no intuito de ser um shot estimulante, capaz de ativar o metabolismo e atuar como um agente termog\u00eanico. Ideal para utilizar em pr\u00e9-treinos ou em momentos de muito cansa\u00e7o.<\/p>\n<p>Shots s\u00e3o formas de fazer uso de plantas medicinais sem necessitar da prepara\u00e7\u00e3o que os ch\u00e1s exigem&#8230; \u00c9 uma forma r\u00e1pida, simples e f\u00e1cil de ter os benef\u00edcios das plantas e voc\u00ea consegue tom\u00e1-los em qualquer lugar.<\/p>\n<p>N\u00e3o causa depend\u00eancia.<br \/>\nPode ser utilizado todos os dias.<\/p>\n<p><strong>Como preparar:<br \/>\n<\/strong>&#8211; Acrescente 1 colher de ch\u00e1 do p\u00f3 em 50ml de \u00e1gua (em temperatura ambiente)<br \/>\n&#8211; Agite bem e pode tomar!<br \/>\n&#8211; Melhor hor\u00e1rio para utiliza\u00e7\u00e3o: antes dos treinos, pelas manh\u00e3s, ou quando sentir necessidade. N\u00e3o deve ser utilizado \u00e0 noite.<\/p>\n<p>Lembre-se de tomar \u00e1gua ao longo do dia, para que as plantas consigam produzir o efeito desejado.<\/p>\n<p><strong>OBSERVA\u00c7\u00c3O:<\/strong> <em>1 pacote do shot rende pelo menos 30 dias, se usado todos os dias.<\/em><\/p>\n","protected":false},"excerpt":{"rendered":"<p>O Shot Termog\u00eanico foi desenvolvido no intuito de ser um shot estimulante, capaz de ativar o metabolismo e atuar como um agente termog\u00eanico. Ideal para utilizar em pr\u00e9-treinos ou em momentos de muito cansa\u00e7o.<\/p>\n","protected":false},"featured_media":232,"template":"","meta":[],"product_brand":[],"product_cat":[33],"product_tag":[40],"class_list":{"0":"post-184","1":"product","2":"type-product","3":"status-publish","4":"has-post-thumbnail","6":"product_cat-shot","7":"product_tag-shots","9":"first","10":"outofstock","11":"sale","12":"shipping-taxable","13":"purchasable","14":"product-type-simple"},"_links":{"self":[{"href":"https:\/\/www.plantamor.com.br\/compre\/wp-json\/wp\/v2\/product\/184","targetHints":{"allow":["GET"]}}],"collection":[{"href":"https:\/\/www.plantamor.com.br\/compre\/wp-json\/wp\/v2\/product"}],"about":[{"href":"https:\/\/www.plantamor.com.br\/compre\/wp-json\/wp\/v2\/types\/product"}],"version-history":[{"count":2,"href":"https:\/\/www.plantamor.com.br\/compre\/wp-json\/wp\/v2\/product\/184\/revisions"}],"predecessor-version":[{"id":3531,"href":"https:\/\/www.plantamor.com.br\/compre\/wp-json\/wp\/v2\/product\/184\/revisions\/3531"}],"wp:featuredmedia":[{"embeddable":true,"href":"https:\/\/www.plantamor.com.br\/compre\/wp-json\/wp\/v2\/media\/232"}],"wp:attachment":[{"href":"https:\/\/www.plantamor.com.br\/compre\/wp-json\/wp\/v2\/media?parent=184"}],"wp:term":[{"taxonomy":"product_brand","embeddable":true,"href":"https:\/\/www.plantamor.com.br\/compre\/wp-json\/wp\/v2\/product_brand?post=184"},{"taxonomy":"product_cat","embeddable":true,"href":"https:\/\/www.plantamor.com.br\/compre\/wp-json\/wp\/v2\/product_cat?post=184"},{"taxonomy":"product_tag","embeddable":true,"href":"https:\/\/www.plantamor.com.br\/compre\/wp-json\/wp\/v2\/product_tag?post=184"}],"curies":[{"name":"wp","href":"https:\/\/api.w.org\/{rel}","templated":true}]}}