{"id":183,"date":"2022-02-28T18:00:12","date_gmt":"2022-02-28T21:00:12","guid":{"rendered":"http:\/\/compre.plantamor.com.br\/?post_type=product&#038;p=183"},"modified":"2024-02-05T11:44:14","modified_gmt":"2024-02-05T14:44:14","slug":"shot-libido","status":"publish","type":"product","link":"https:\/\/www.plantamor.com.br\/compre\/produto\/shot-libido\/","title":{"rendered":"Shot Libido"},"content":{"rendered":"<h1 style=\"text-align: center;\"><strong>SHOT LIBIDO<\/strong><\/h1>\n<p><strong>Composi\u00e7\u00e3o:<\/strong><br \/>\nMaca peruana<br \/>\nCatuaba em p\u00f3<br \/>\nGuaran\u00e1 em p\u00f3<\/p>\n<p>O Shot Libido \u00e9 estimulante, termog\u00eanico e auxilia na manuten\u00e7\u00e3o dos horm\u00f4nios sexuais, produzindo uma melhora na libido, especialmente feminina.<\/p>\n<p>Shots s\u00e3o formas de fazer uso de plantas medicinais sem necessitar da prepara\u00e7\u00e3o que os ch\u00e1s exigem&#8230; \u00c9 uma forma r\u00e1pida, simples e f\u00e1cil de ter os benef\u00edcios das plantas e voc\u00ea consegue tom\u00e1-los em qualquer lugar.<\/p>\n<p>N\u00e3o causa depend\u00eancia.<br \/>\nPode ser utilizado todos os dias.<\/p>\n<p><strong>Como preparar:<br \/>\n<\/strong>&#8211; Acrescente 1 colher de ch\u00e1 do p\u00f3 em 50ml de \u00e1gua (em temperatura ambiente)<br \/>\n&#8211; Agite bem e pode tomar!<br \/>\n&#8211; Melhor hor\u00e1rio para utiliza\u00e7\u00e3o: final da tarde.<br \/>\n&#8211; Ideal fazer uso inicialmente por 15 dias seguidos. Ap\u00f3s esse per\u00edodo, fica a seu crit\u00e9rio o uso cont\u00ednuo, ou n\u00e3o.<\/p>\n<p>Lembre-se de tomar \u00e1gua ao longo do dia, para que as plantas consigam produzir o efeito desejado.<\/p>\n<p><strong>OBSERVA\u00c7\u00c3O:<\/strong> <em>1 pacote do shot rende pelo menos 30 dias, se usado todos os dias.<\/em><\/p>\n","protected":false},"excerpt":{"rendered":"<p>O Shot Libido \u00e9 estimulante, termog\u00eanico e auxilia na manuten\u00e7\u00e3o dos horm\u00f4nios sexuais, produzindo uma melhora na libido, especialmente feminina.<\/p>\n","protected":false},"featured_media":233,"template":"","meta":[],"product_brand":[],"product_cat":[33],"product_tag":[],"class_list":{"0":"post-183","1":"product","2":"type-product","3":"status-publish","4":"has-post-thumbnail","6":"product_cat-shot","8":"first","9":"instock","10":"sale","11":"shipping-taxable","12":"purchasable","13":"product-type-simple"},"_links":{"self":[{"href":"https:\/\/www.plantamor.com.br\/compre\/wp-json\/wp\/v2\/product\/183","targetHints":{"allow":["GET"]}}],"collection":[{"href":"https:\/\/www.plantamor.com.br\/compre\/wp-json\/wp\/v2\/product"}],"about":[{"href":"https:\/\/www.plantamor.com.br\/compre\/wp-json\/wp\/v2\/types\/product"}],"version-history":[{"count":1,"href":"https:\/\/www.plantamor.com.br\/compre\/wp-json\/wp\/v2\/product\/183\/revisions"}],"predecessor-version":[{"id":3532,"href":"https:\/\/www.plantamor.com.br\/compre\/wp-json\/wp\/v2\/product\/183\/revisions\/3532"}],"wp:featuredmedia":[{"embeddable":true,"href":"https:\/\/www.plantamor.com.br\/compre\/wp-json\/wp\/v2\/media\/233"}],"wp:attachment":[{"href":"https:\/\/www.plantamor.com.br\/compre\/wp-json\/wp\/v2\/media?parent=183"}],"wp:term":[{"taxonomy":"product_brand","embeddable":true,"href":"https:\/\/www.plantamor.com.br\/compre\/wp-json\/wp\/v2\/product_brand?post=183"},{"taxonomy":"product_cat","embeddable":true,"href":"https:\/\/www.plantamor.com.br\/compre\/wp-json\/wp\/v2\/product_cat?post=183"},{"taxonomy":"product_tag","embeddable":true,"href":"https:\/\/www.plantamor.com.br\/compre\/wp-json\/wp\/v2\/product_tag?post=183"}],"curies":[{"name":"wp","href":"https:\/\/api.w.org\/{rel}","templated":true}]}}