{"id":182,"date":"2022-02-28T17:59:40","date_gmt":"2022-02-28T20:59:40","guid":{"rendered":"http:\/\/compre.plantamor.com.br\/?post_type=product&#038;p=182"},"modified":"2024-02-05T11:44:17","modified_gmt":"2024-02-05T14:44:17","slug":"shot-fibras","status":"publish","type":"product","link":"https:\/\/www.plantamor.com.br\/compre\/produto\/shot-fibras\/","title":{"rendered":"Shot Fibras"},"content":{"rendered":"<h1 style=\"text-align: center;\"><strong>SHOT FIBRAS<\/strong><\/h1>\n<p><strong>Composi\u00e7\u00e3o:<\/strong><br \/>\nPsyllium<br \/>\nAmaranto<br \/>\nQuinoa<br \/>\nLevedo de cerveja<\/p>\n<p>O Shot Fibras foi desenvolvido para tratar ou amenizar condi\u00e7\u00f5es de intestino preso, fornecendo uma quantidade de fibras que auxiliam no bom funcionamento do intestino.<\/p>\n<p>Shots s\u00e3o formas de fazer uso de plantas medicinais sem necessitar da prepara\u00e7\u00e3o que os ch\u00e1s exigem&#8230; \u00c9 uma forma r\u00e1pida, simples e f\u00e1cil de ter os benef\u00edcios das plantas e voc\u00ea consegue tom\u00e1-los em qualquer lugar.<\/p>\n<p>N\u00e3o causa depend\u00eancia.<br \/>\nN\u00e3o \u00e9 irritante para a mucosa intestinal.<br \/>\nPode ser utilizado todos os dias.<\/p>\n<p><strong><br \/>\nComo preparar:<br \/>\n<\/strong>&#8211; Acrescente 1 colher de ch\u00e1 do p\u00f3 em 50ml de \u00e1gua (em temperatura ambiente)<br \/>\n&#8211; Agite bem e pode tomar!<br \/>\n&#8211; Melhor hor\u00e1rio para utiliza\u00e7\u00e3o: pela manh\u00e3<\/p>\n<p>Lembre-se de tomar \u00e1gua ao longo do dia, para que as fibras consigam ter o efeito desejado.<\/p>\n<p>&nbsp;<\/p>\n<p><em><strong>OBSERVA\u00c7\u00c3O:<\/strong> 1 pacote do shot rende pelo menos 30 dias, se usado todos os dias.<\/em><\/p>\n","protected":false},"excerpt":{"rendered":"<p>O Shot Fibras foi desenvolvido para tratar ou amenizar condi\u00e7\u00f5es de intestino preso, fornecendo uma quantidade de fibras que auxiliam no bom funcionamento do intestino.<\/p>\n","protected":false},"featured_media":235,"template":"","meta":[],"product_brand":[],"product_cat":[33],"product_tag":[],"class_list":{"0":"post-182","1":"product","2":"type-product","3":"status-publish","4":"has-post-thumbnail","6":"product_cat-shot","8":"first","9":"instock","10":"sale","11":"shipping-taxable","12":"purchasable","13":"product-type-simple"},"_links":{"self":[{"href":"https:\/\/www.plantamor.com.br\/compre\/wp-json\/wp\/v2\/product\/182","targetHints":{"allow":["GET"]}}],"collection":[{"href":"https:\/\/www.plantamor.com.br\/compre\/wp-json\/wp\/v2\/product"}],"about":[{"href":"https:\/\/www.plantamor.com.br\/compre\/wp-json\/wp\/v2\/types\/product"}],"version-history":[{"count":2,"href":"https:\/\/www.plantamor.com.br\/compre\/wp-json\/wp\/v2\/product\/182\/revisions"}],"predecessor-version":[{"id":3533,"href":"https:\/\/www.plantamor.com.br\/compre\/wp-json\/wp\/v2\/product\/182\/revisions\/3533"}],"wp:featuredmedia":[{"embeddable":true,"href":"https:\/\/www.plantamor.com.br\/compre\/wp-json\/wp\/v2\/media\/235"}],"wp:attachment":[{"href":"https:\/\/www.plantamor.com.br\/compre\/wp-json\/wp\/v2\/media?parent=182"}],"wp:term":[{"taxonomy":"product_brand","embeddable":true,"href":"https:\/\/www.plantamor.com.br\/compre\/wp-json\/wp\/v2\/product_brand?post=182"},{"taxonomy":"product_cat","embeddable":true,"href":"https:\/\/www.plantamor.com.br\/compre\/wp-json\/wp\/v2\/product_cat?post=182"},{"taxonomy":"product_tag","embeddable":true,"href":"https:\/\/www.plantamor.com.br\/compre\/wp-json\/wp\/v2\/product_tag?post=182"}],"curies":[{"name":"wp","href":"https:\/\/api.w.org\/{rel}","templated":true}]}}