{"id":181,"date":"2022-02-28T17:59:17","date_gmt":"2022-02-28T20:59:17","guid":{"rendered":"http:\/\/compre.plantamor.com.br\/?post_type=product&#038;p=181"},"modified":"2024-02-05T11:44:20","modified_gmt":"2024-02-05T14:44:20","slug":"shot-saciedade","status":"publish","type":"product","link":"https:\/\/www.plantamor.com.br\/compre\/produto\/shot-saciedade\/","title":{"rendered":"Shot Saciedade"},"content":{"rendered":"<h1 style=\"text-align: center;\"><strong>SHOT SACIEDADE<\/strong><\/h1>\n<p><strong>Composi\u00e7\u00e3o:<\/strong><br \/>\nCasca de uva<br \/>\nLevedo de cerveja<br \/>\nPsyllium<br \/>\nC\u00farcuma<\/p>\n<p>O Shot Saciedade possui uma concentra\u00e7\u00e3o alta de mucilagens, um princ\u00edpio ativo que fornece fibras ao sistema digestivo e, se utilizado antes das refei\u00e7\u00f5es promove sensa\u00e7\u00e3o de saciedade e menos fome. Al\u00e9m disso, possui uma alta dosagem de fitoqu\u00edmicos que auxiliam na elimina\u00e7\u00e3o de toxinas do intestino, diminuindo tamb\u00e9m, a vontade de doces e carboidratos em excesso.<\/p>\n<p>Shots s\u00e3o formas de fazer uso de plantas medicinais sem necessitar da prepara\u00e7\u00e3o que os ch\u00e1s exigem&#8230; \u00c9 uma forma r\u00e1pida, simples e f\u00e1cil de ter os benef\u00edcios das plantas e voc\u00ea consegue tom\u00e1-los em qualquer lugar.<\/p>\n<p>N\u00e3o causa depend\u00eancia.<br \/>\nN\u00e3o \u00e9 irritante para a mucosa intestinal.<br \/>\nPode ser utilizado todos os dias.<\/p>\n<p><strong><br \/>\nComo preparar:<br \/>\n<\/strong>&#8211; Acrescente 1 colher de ch\u00e1 do p\u00f3 em 50ml de \u00e1gua (em temperatura ambiente)<br \/>\n&#8211; Agite bem e pode tomar!<br \/>\n&#8211; Melhor hor\u00e1rio para utiliza\u00e7\u00e3o: antes das refei\u00e7\u00f5es, de 1 a 3 vezes ao dia<\/p>\n<p>Lembre-se de tomar \u00e1gua ao longo do dia, para que as plantas consigam produzir o efeito desejado.<\/p>\n<p><em><strong>OBSERVA\u00c7\u00c3O:<\/strong> 1 pacote do shot rende pelo menos 30 dias, se usado todos os dias.<\/em><\/p>\n","protected":false},"excerpt":{"rendered":"<p>O Shot Saciedade possui uma concentra\u00e7\u00e3o alta de mucilagens, um princ\u00edpio ativo que fornece fibras ao sistema digestivo e, se utilizado antes das refei\u00e7\u00f5es promove sensa\u00e7\u00e3o de saciedade e menos fome. Al\u00e9m disso, possui uma alta dosagem de fitoqu\u00edmicos que auxiliam na elimina\u00e7\u00e3o de toxinas do intestino, diminuindo tamb\u00e9m, a vontade de doces e carboidratos em excesso.<\/p>\n","protected":false},"featured_media":236,"template":"","meta":[],"product_brand":[],"product_cat":[33],"product_tag":[],"class_list":{"0":"post-181","1":"product","2":"type-product","3":"status-publish","4":"has-post-thumbnail","6":"product_cat-shot","8":"first","9":"instock","10":"sale","11":"shipping-taxable","12":"purchasable","13":"product-type-simple"},"_links":{"self":[{"href":"https:\/\/www.plantamor.com.br\/compre\/wp-json\/wp\/v2\/product\/181","targetHints":{"allow":["GET"]}}],"collection":[{"href":"https:\/\/www.plantamor.com.br\/compre\/wp-json\/wp\/v2\/product"}],"about":[{"href":"https:\/\/www.plantamor.com.br\/compre\/wp-json\/wp\/v2\/types\/product"}],"version-history":[{"count":2,"href":"https:\/\/www.plantamor.com.br\/compre\/wp-json\/wp\/v2\/product\/181\/revisions"}],"predecessor-version":[{"id":3534,"href":"https:\/\/www.plantamor.com.br\/compre\/wp-json\/wp\/v2\/product\/181\/revisions\/3534"}],"wp:featuredmedia":[{"embeddable":true,"href":"https:\/\/www.plantamor.com.br\/compre\/wp-json\/wp\/v2\/media\/236"}],"wp:attachment":[{"href":"https:\/\/www.plantamor.com.br\/compre\/wp-json\/wp\/v2\/media?parent=181"}],"wp:term":[{"taxonomy":"product_brand","embeddable":true,"href":"https:\/\/www.plantamor.com.br\/compre\/wp-json\/wp\/v2\/product_brand?post=181"},{"taxonomy":"product_cat","embeddable":true,"href":"https:\/\/www.plantamor.com.br\/compre\/wp-json\/wp\/v2\/product_cat?post=181"},{"taxonomy":"product_tag","embeddable":true,"href":"https:\/\/www.plantamor.com.br\/compre\/wp-json\/wp\/v2\/product_tag?post=181"}],"curies":[{"name":"wp","href":"https:\/\/api.w.org\/{rel}","templated":true}]}}