{"id":178,"date":"2022-02-28T17:56:02","date_gmt":"2022-02-28T20:56:02","guid":{"rendered":"http:\/\/compre.plantamor.com.br\/?post_type=product&#038;p=178"},"modified":"2024-02-05T11:44:27","modified_gmt":"2024-02-05T14:44:27","slug":"tintura-vem-imunidade","status":"publish","type":"product","link":"https:\/\/www.plantamor.com.br\/compre\/produto\/tintura-vem-imunidade\/","title":{"rendered":"Tintura #vemdopamina"},"content":{"rendered":"<h1 style=\"text-align: center;\"><strong>TINTURA #VEM DOPAMINA<\/strong><\/h1>\n<p><strong>Composi\u00e7\u00e3o:<\/strong><br \/>\nManjeric\u00e3o<br \/>\nGengibre<br \/>\nNibs de cacau<br \/>\nC\u00farcuma<\/p>\n<p>A tintura de #VemDopamina \u00e9 ideal para momentos de fadiga, cansa\u00e7o e procrastina\u00e7\u00e3o, onde voc\u00ea precisa de um est\u00edmulo mental \u2013 e uma forcinha extra. Essa combina\u00e7\u00e3o de plantas auxilia no foco, na concentra\u00e7\u00e3o e na mem\u00f3ria, al\u00e9m de possu\u00edrem a\u00e7\u00e3o estimulante mental, aumentando os n\u00edveis da dopamina, o horm\u00f4nio da realiza\u00e7\u00e3o e produtividade.<\/p>\n<p><strong>SUGEST\u00c3O DE USO:<\/strong><br \/>\n&#8211; 20 a 50 gotas ao longo do dia, quando sentir necessidade do uso, de 1 a 5 vezes ao dia<br \/>\n&#8211; Ideal evitar a tintura #VemDopamina pr\u00f3ximo \u00e0 noite, pois pode atrapalhar no sono<br \/>\n&#8211; Acrescente as gotas da tintura em 50ml de \u00e1gua para ingerir<\/p>\n<p><strong>O QUE S\u00c3O AS TINTURAS:<\/strong> Tinturas s\u00e3o extratos hidroalco\u00f3licos feitos com plantas medicinais. Todas as plantas utilizadas s\u00e3o de cultivo agroecol\u00f3gico e de excelente qualidade. As tinturas s\u00e3o fitoter\u00e1picas, seguras e n\u00e3o causam depend\u00eancia no uso.<\/p>\n<p><strong>PRECAU\u00c7\u00d5ES:<\/strong> caso voc\u00ea esteja fazendo uso de medicamentos antidepressivos, ansiol\u00edticos ou que atuam no sistema nervoso central, \u00e9 prefer\u00edvel suspender o uso das tinturas. Assim como, \u00e9 indicado evitar o uso em pessoas que possuem problemas hep\u00e1ticos, \u00falceras estomacais ou problemas relacionados ao \u00e1lcool.<\/p>\n<p><strong>ALGUNS CUIDADOS IMPORTANTES:<br \/>\n<\/strong>&#8211; \u00c9 importante estabelecer um hor\u00e1rio fixo para a tomada, caso voc\u00ea esteja fazendo um tratamento com tinturas vegetais;<br \/>\n&#8211; Evite comer minutos antes e ap\u00f3s o uso;<br \/>\n&#8211; Se voc\u00ea esqueceu de tomar por 1 dia, siga o tratamento de onde voc\u00ea parou. Mas lembre-se de tomar!<br \/>\n&#8211; Caso sinta algum desconforto ou mal estar, suspenda o uso;<br \/>\n&#8211; A dosagem poder\u00e1 ser alterada conforme a sua necessidade, lembrando sempre que a dose m\u00e1xima \u00e9 de 50 gotas \u2013 at\u00e9 5 vezes ao dia.<\/p>\n<p>&nbsp;<\/p>\n<p><em>PS: O site n\u00e3o reconhece o peso em mL, logo, no an\u00fancio, o produto aparece dispon\u00edvel em gramas. Mas o produto ser\u00e1 entregue em mL.<\/em><\/p>\n","protected":false},"excerpt":{"rendered":"<p>A tintura de #VemDopamina \u00e9 ideal para momentos de fadiga, cansa\u00e7o e procrastina\u00e7\u00e3o, onde voc\u00ea precisa de um est\u00edmulo mental \u2013 e uma forcinha extra. Essa combina\u00e7\u00e3o de plantas auxilia no foco, na concentra\u00e7\u00e3o e na mem\u00f3ria, al\u00e9m de possu\u00edrem a\u00e7\u00e3o estimulante mental, aumentando os n\u00edveis da dopamina, o horm\u00f4nio da realiza\u00e7\u00e3o e produtividade.<\/p>\n","protected":false},"featured_media":238,"template":"","meta":[],"product_brand":[],"product_cat":[32],"product_tag":[35],"class_list":{"0":"post-178","1":"product","2":"type-product","3":"status-publish","4":"has-post-thumbnail","6":"product_cat-tintura","7":"product_tag-tinturas","9":"first","10":"instock","11":"sale","12":"shipping-taxable","13":"purchasable","14":"product-type-simple"},"_links":{"self":[{"href":"https:\/\/www.plantamor.com.br\/compre\/wp-json\/wp\/v2\/product\/178","targetHints":{"allow":["GET"]}}],"collection":[{"href":"https:\/\/www.plantamor.com.br\/compre\/wp-json\/wp\/v2\/product"}],"about":[{"href":"https:\/\/www.plantamor.com.br\/compre\/wp-json\/wp\/v2\/types\/product"}],"version-history":[{"count":2,"href":"https:\/\/www.plantamor.com.br\/compre\/wp-json\/wp\/v2\/product\/178\/revisions"}],"predecessor-version":[{"id":3492,"href":"https:\/\/www.plantamor.com.br\/compre\/wp-json\/wp\/v2\/product\/178\/revisions\/3492"}],"wp:featuredmedia":[{"embeddable":true,"href":"https:\/\/www.plantamor.com.br\/compre\/wp-json\/wp\/v2\/media\/238"}],"wp:attachment":[{"href":"https:\/\/www.plantamor.com.br\/compre\/wp-json\/wp\/v2\/media?parent=178"}],"wp:term":[{"taxonomy":"product_brand","embeddable":true,"href":"https:\/\/www.plantamor.com.br\/compre\/wp-json\/wp\/v2\/product_brand?post=178"},{"taxonomy":"product_cat","embeddable":true,"href":"https:\/\/www.plantamor.com.br\/compre\/wp-json\/wp\/v2\/product_cat?post=178"},{"taxonomy":"product_tag","embeddable":true,"href":"https:\/\/www.plantamor.com.br\/compre\/wp-json\/wp\/v2\/product_tag?post=178"}],"curies":[{"name":"wp","href":"https:\/\/api.w.org\/{rel}","templated":true}]}}