{"id":124,"date":"2021-12-26T21:15:34","date_gmt":"2021-12-27T00:15:34","guid":{"rendered":"http:\/\/compre.plantamor.com.br\/?post_type=product&#038;p=124"},"modified":"2024-02-05T11:44:37","modified_gmt":"2024-02-05T14:44:37","slug":"spray-mandala-da-protecao","status":"publish","type":"product","link":"https:\/\/www.plantamor.com.br\/compre\/produto\/spray-mandala-da-protecao\/","title":{"rendered":"Spray mandala da prote\u00e7\u00e3o"},"content":{"rendered":"<h1 style=\"text-align: center;\"><strong>MANDALA DA PROTE\u00c7\u00c3O<\/strong><\/h1>\n<p>Spray terap\u00eautico que auxilia na prote\u00e7\u00e3o energ\u00e9tica do ambiente. Indicado para momentos em que necessita de coragem, for\u00e7a e prote\u00e7\u00e3o. Tamb\u00e9m pode ser utilizado como um spray aconchegante, \u00e0 noite.<\/p>\n<p><strong>Modo de usar: <\/strong>O spray terap\u00eautico pode ser usado no ambiente, como aromatizador, no corpo como um perfume suave, al\u00e9m de poder ser usado em roupas de cama e banho.<\/p>\n<p><strong>COMPOSI\u00c7\u00c3O:<\/strong> tintura vegetal de canela, louro e mirra, \u00f3leo essencial de laranja doce.<\/p>\n","protected":false},"excerpt":{"rendered":"<p>Spray terap\u00eautico que auxilia na prote\u00e7\u00e3o energ\u00e9tica do ambiente. Indicado para momentos em que necessita de coragem, for\u00e7a e prote\u00e7\u00e3o. Tamb\u00e9m pode ser utilizado como um spray aconchegante, \u00e0 noite.<\/p>\n","protected":false},"featured_media":209,"template":"","meta":[],"product_brand":[],"product_cat":[27],"product_tag":[29],"class_list":{"0":"post-124","1":"product","2":"type-product","3":"status-publish","4":"has-post-thumbnail","6":"product_cat-sprays-terapeuticos","7":"product_tag-spray-terapeutico","9":"first","10":"outofstock","11":"sale","12":"shipping-taxable","13":"purchasable","14":"product-type-simple"},"_links":{"self":[{"href":"https:\/\/www.plantamor.com.br\/compre\/wp-json\/wp\/v2\/product\/124","targetHints":{"allow":["GET"]}}],"collection":[{"href":"https:\/\/www.plantamor.com.br\/compre\/wp-json\/wp\/v2\/product"}],"about":[{"href":"https:\/\/www.plantamor.com.br\/compre\/wp-json\/wp\/v2\/types\/product"}],"version-history":[{"count":1,"href":"https:\/\/www.plantamor.com.br\/compre\/wp-json\/wp\/v2\/product\/124\/revisions"}],"predecessor-version":[{"id":3540,"href":"https:\/\/www.plantamor.com.br\/compre\/wp-json\/wp\/v2\/product\/124\/revisions\/3540"}],"wp:featuredmedia":[{"embeddable":true,"href":"https:\/\/www.plantamor.com.br\/compre\/wp-json\/wp\/v2\/media\/209"}],"wp:attachment":[{"href":"https:\/\/www.plantamor.com.br\/compre\/wp-json\/wp\/v2\/media?parent=124"}],"wp:term":[{"taxonomy":"product_brand","embeddable":true,"href":"https:\/\/www.plantamor.com.br\/compre\/wp-json\/wp\/v2\/product_brand?post=124"},{"taxonomy":"product_cat","embeddable":true,"href":"https:\/\/www.plantamor.com.br\/compre\/wp-json\/wp\/v2\/product_cat?post=124"},{"taxonomy":"product_tag","embeddable":true,"href":"https:\/\/www.plantamor.com.br\/compre\/wp-json\/wp\/v2\/product_tag?post=124"}],"curies":[{"name":"wp","href":"https:\/\/api.w.org\/{rel}","templated":true}]}}