{"id":122,"date":"2021-12-26T21:10:21","date_gmt":"2021-12-27T00:10:21","guid":{"rendered":"http:\/\/compre.plantamor.com.br\/?post_type=product&#038;p=122"},"modified":"2024-02-05T11:44:42","modified_gmt":"2024-02-05T14:44:42","slug":"spray-emocoes","status":"publish","type":"product","link":"https:\/\/www.plantamor.com.br\/compre\/produto\/spray-emocoes\/","title":{"rendered":"Spray Emo\u00e7\u00f5es"},"content":{"rendered":"<h1 style=\"text-align: center;\"><strong>EMO\u00c7\u00d5ES<\/strong><\/h1>\n<p>Spray terap\u00eautico que acalma e tranquiliza. As plantas utilizadas trazem equil\u00edbrio emocional e diminuem sensa\u00e7\u00e3o de agita\u00e7\u00e3o mental.<\/p>\n<p>Tamb\u00e9m pode ser usado quando h\u00e1 tens\u00e3o e estresse. Ideal para momentos de medita\u00e7\u00e3o ou \u00e0 noite, para dormir melhor.<\/p>\n<p><strong>Modo de usar: <\/strong>O spray terap\u00eautico pode ser usado no ambiente, como aromatizador, no corpo como um perfume suave, al\u00e9m de poder ser usado em roupas de cama e banho.<\/p>\n<p><strong>\u00a0COMPOSI\u00c7\u00c3O:<\/strong> tintura vegetal de Gard\u00eania jasminoides e n\u00e9roli, \u00f3leo essencial de lavandim e cedro.<\/p>\n","protected":false},"excerpt":{"rendered":"<p>Spray terap\u00eautico que acalma e tranquiliza. As plantas utilizadas trazem equil\u00edbrio emocional e diminuem sensa\u00e7\u00e3o de agita\u00e7\u00e3o mental. Tamb\u00e9m pode ser usado quando h\u00e1 tens\u00e3o e estresse. Ideal para momentos de medita\u00e7\u00e3o ou \u00e0 noite, para dormir melhor.<\/p>\n","protected":false},"featured_media":211,"template":"","meta":[],"product_brand":[],"product_cat":[27],"product_tag":[29],"class_list":{"0":"post-122","1":"product","2":"type-product","3":"status-publish","4":"has-post-thumbnail","6":"product_cat-sprays-terapeuticos","7":"product_tag-spray-terapeutico","9":"first","10":"outofstock","11":"sale","12":"shipping-taxable","13":"purchasable","14":"product-type-simple"},"_links":{"self":[{"href":"https:\/\/www.plantamor.com.br\/compre\/wp-json\/wp\/v2\/product\/122","targetHints":{"allow":["GET"]}}],"collection":[{"href":"https:\/\/www.plantamor.com.br\/compre\/wp-json\/wp\/v2\/product"}],"about":[{"href":"https:\/\/www.plantamor.com.br\/compre\/wp-json\/wp\/v2\/types\/product"}],"version-history":[{"count":1,"href":"https:\/\/www.plantamor.com.br\/compre\/wp-json\/wp\/v2\/product\/122\/revisions"}],"predecessor-version":[{"id":3542,"href":"https:\/\/www.plantamor.com.br\/compre\/wp-json\/wp\/v2\/product\/122\/revisions\/3542"}],"wp:featuredmedia":[{"embeddable":true,"href":"https:\/\/www.plantamor.com.br\/compre\/wp-json\/wp\/v2\/media\/211"}],"wp:attachment":[{"href":"https:\/\/www.plantamor.com.br\/compre\/wp-json\/wp\/v2\/media?parent=122"}],"wp:term":[{"taxonomy":"product_brand","embeddable":true,"href":"https:\/\/www.plantamor.com.br\/compre\/wp-json\/wp\/v2\/product_brand?post=122"},{"taxonomy":"product_cat","embeddable":true,"href":"https:\/\/www.plantamor.com.br\/compre\/wp-json\/wp\/v2\/product_cat?post=122"},{"taxonomy":"product_tag","embeddable":true,"href":"https:\/\/www.plantamor.com.br\/compre\/wp-json\/wp\/v2\/product_tag?post=122"}],"curies":[{"name":"wp","href":"https:\/\/api.w.org\/{rel}","templated":true}]}}