{"id":102,"date":"2021-12-26T11:02:34","date_gmt":"2021-12-26T14:02:34","guid":{"rendered":"http:\/\/compre.plantamor.com.br\/?post_type=product&#038;p=102"},"modified":"2024-02-05T11:44:47","modified_gmt":"2024-02-05T14:44:47","slug":"escalda-pes-calma","status":"publish","type":"product","link":"https:\/\/www.plantamor.com.br\/compre\/produto\/escalda-pes-calma\/","title":{"rendered":"Escalda-p\u00e9s Calma"},"content":{"rendered":"<h1 style=\"text-align: center;\"><strong>ESCALDA P\u00c9S CALMA<\/strong><\/h1>\n<p>O escalda p\u00e9s Calma \u00e9 um escalda p\u00e9s terap\u00eautico pois atua em n\u00edvel energ\u00e9tico e f\u00edsico, trazendo tranquilidade e diminuindo dores no corpo.<\/p>\n<p>Utilize o escalda p\u00e9s quando necessitar de relaxamento e cuidado, o mais longe poss\u00edvel de interfer\u00eancias externas e usufruindo desse momento especial, s\u00f3 seu.<\/p>\n<p><strong>Modo de uso:<\/strong> Adicione em um recipiente 02 litros de \u00e1gua morna e 01 colher de sopa do escalda-p\u00e9s. Permane\u00e7a com os p\u00e9s submersos na \u00e1gua por 10 a 20 minutos.<\/p>\n<p>O calor da \u00e1gua libera a energia dormente das plantas, tornando-as poderosas ferramentas terap\u00eauticas.<\/p>\n<p><strong>Composi\u00e7\u00e3o:<\/strong> sal grosso, folha de maracuj\u00e1, jasmim e flor de laranjeira<\/p>\n","protected":false},"excerpt":{"rendered":"<p>O escalda p\u00e9s Calma \u00e9 um escalda p\u00e9s terap\u00eautico pois atua em n\u00edvel energ\u00e9tico e f\u00edsico, trazendo tranquilidade e diminuindo dores no corpo. Utilize o escalda p\u00e9s quando necessitar de relaxamento e cuidado, o mais longe poss\u00edvel de interfer\u00eancias externas e usufruindo desse momento especial, s\u00f3 seu.<\/p>\n","protected":false},"featured_media":207,"template":"","meta":[],"product_brand":[],"product_cat":[16],"product_tag":[],"class_list":{"0":"post-102","1":"product","2":"type-product","3":"status-publish","4":"has-post-thumbnail","6":"product_cat-skin-care","8":"first","9":"outofstock","10":"sale","11":"shipping-taxable","12":"purchasable","13":"product-type-simple"},"_links":{"self":[{"href":"https:\/\/www.plantamor.com.br\/compre\/wp-json\/wp\/v2\/product\/102","targetHints":{"allow":["GET"]}}],"collection":[{"href":"https:\/\/www.plantamor.com.br\/compre\/wp-json\/wp\/v2\/product"}],"about":[{"href":"https:\/\/www.plantamor.com.br\/compre\/wp-json\/wp\/v2\/types\/product"}],"version-history":[{"count":1,"href":"https:\/\/www.plantamor.com.br\/compre\/wp-json\/wp\/v2\/product\/102\/revisions"}],"predecessor-version":[{"id":3544,"href":"https:\/\/www.plantamor.com.br\/compre\/wp-json\/wp\/v2\/product\/102\/revisions\/3544"}],"wp:featuredmedia":[{"embeddable":true,"href":"https:\/\/www.plantamor.com.br\/compre\/wp-json\/wp\/v2\/media\/207"}],"wp:attachment":[{"href":"https:\/\/www.plantamor.com.br\/compre\/wp-json\/wp\/v2\/media?parent=102"}],"wp:term":[{"taxonomy":"product_brand","embeddable":true,"href":"https:\/\/www.plantamor.com.br\/compre\/wp-json\/wp\/v2\/product_brand?post=102"},{"taxonomy":"product_cat","embeddable":true,"href":"https:\/\/www.plantamor.com.br\/compre\/wp-json\/wp\/v2\/product_cat?post=102"},{"taxonomy":"product_tag","embeddable":true,"href":"https:\/\/www.plantamor.com.br\/compre\/wp-json\/wp\/v2\/product_tag?post=102"}],"curies":[{"name":"wp","href":"https:\/\/api.w.org\/{rel}","templated":true}]}}